{"id":1756,"date":"2023-11-29T19:13:42","date_gmt":"2023-11-29T19:13:42","guid":{"rendered":"http:\/\/law-astra.local\/?page_id=1756"},"modified":"2024-04-11T14:59:43","modified_gmt":"2024-04-11T14:59:43","slug":"wills-probate-0","status":"publish","type":"page","link":"https:\/\/kieranobriensolicitor.com\/pl\/practice-areas\/wills-probate-0\/","title":{"rendered":"WILLS \/ PROBATE-0"},"content":{"rendered":"<div data-elementor-type=\"wp-page\" data-elementor-id=\"1756\" class=\"elementor elementor-1756\" data-elementor-post-type=\"page\">\n\t\t\t\t<div class=\"elementor-element elementor-element-5c3e03d e-flex e-con-boxed e-con e-parent\" data-id=\"5c3e03d\" data-element_type=\"container\" data-e-type=\"container\">\n\t\t\t\t\t<div class=\"e-con-inner\">\n\t\t\t\t<div class=\"elementor-element elementor-element-308b821 elementor-widget elementor-widget-text-editor\" data-id=\"308b821\" data-element_type=\"widget\" data-e-type=\"widget\" data-widget_type=\"text-editor.default\">\n\t\t\t\t<div class=\"elementor-widget-container\">\n\t\t\t\t\t\t\t\t\t<p><style>\n.scroll-practice-areas{scroll-margin-top: 200px;}<br \/><\/style><\/p><h3 id=\"making-a-will\" class=\"scroll-practice-areas\">Sporz\u0105dzenie Testamentu<\/h3><p>Co robi\u0107 ze swoim maj\u0105tkiem po \u015bmierci - jedna z najwa\u017cniejszych decyzji, kt\u00f3re podejmiesz w \u017cyciu. Testament gwarantuje, \u017ce z wasz\u0105 w\u0142asno\u015bci\u0105, pieni\u0119dzmi i innymi zasobami trafi\u0105 tak, jak ci si\u0119 podoba po swojej \u015bmierci, na przyk\u0142ad, czy b\u0119dzie to bezpieczne przeniesienie aktyw\u00f3w do swoich bliskich, gwarantuje, \u017ce tw\u00f3j biznes b\u0119dzie nadal istnie\u0107 po \u015bmierci, lub nawet je\u015bli chcesz przekaza\u0107 pieni\u0105dze swojej ulubionej organizacji charytatywnej, mo\u017cesz zadzwoni\u0107 do naszego biura, a my b\u0119dziemy mogli sporz\u0105dzi\u0107 sw\u00f3j testament, wyznaczy\u0107 wykonawcy i zaspokoi\u0107 wszystkich prawnych kryteri\u00f3w, kt\u00f3re zgodnie z Ustaw\u0105 o dziedziczenie 1965 roku s\u0105 przestrzegane na wymaganym poziomie, zapewniaj\u0105c, \u017ce twoje pragnienia zostan\u0105 spe\u0142nione, a o swoich bliskich, zadbaj\u0105. \u00a0<\/p><h3 id=\"contesting-a-will\" class=\"scroll-practice-areas\">Kwestionowanie Testamentu<\/h3><p>Czy czujesz, \u017ce zosta\u0142e\u015b wydziedziczony? Czy zosta\u0142e\u015b pomini\u0119ty w testamencie, w kt\u00f3rym zapewniono ci\u0119, \u017ce odniesiesz korzy\u015bci? Czy po\u015bwi\u0119ci\u0142e\u015b sw\u00f3j osobisty czas i pieni\u0105dze na zapewnienie opieki ukochanej osobie, tylko po to, by zosta\u0107 pomini\u0119tym w jej ostatniej woli i testamencie?<\/p><p>Dlaczego nie zadzwoni\u0107 do naszego biura? Przeanalizujemy z Tob\u0105 Twoj\u0105 histori\u0119 i poinformujemy Ci\u0119, czy mo\u017cesz zakwestionowa\u0107 testament na swoj\u0105 korzy\u015b\u0107, czy to poprzez wniesienie zastrze\u017cenia w celu powstrzymania testamentu, czy te\u017c poprzez wniesienie roszczenia o zastrze\u017cenie w\u0142asno\u015bci.<\/p><p>Je\u015bli jeste\u015b dzieckiem, kt\u00f3re uwa\u017ca, \u017ce zosta\u0142o zaniedbane przez rodzica w testamencie, skontaktuj si\u0119 z Kieran O'Brien &amp; Associates. Mo\u017cemy by\u0107 w stanie z\u0142o\u017cy\u0107 wniosek na podstawie s.117 ustawy o dziedziczeniu z 1965 r. i odwo\u0142a\u0107 si\u0119 od testamentu rodzica, kt\u00f3ry nie wywi\u0105za\u0142 si\u0119 ze swojego moralnego obowi\u0105zku opieki nad Tob\u0105 po jego \u015bmierci.<\/p><h3 id=\"executor-assistance\" class=\"scroll-practice-areas\">Pomoc Wykonawcy<\/h3><p>Czy zosta\u0142e\u015b wyznaczony na wykonawc\u0119 testamentu, ale nie masz pewno\u015bci co do wymog\u00f3w prawnych, kt\u00f3re s\u0105 niezb\u0119dne do pe\u0142nienia roli wykonawcy testamentu? Kieran O'Brien &amp; Associates mo\u017ce zapewni\u0107 pomoc w tej sprawie, mo\u017cemy przeprowadzi\u0107 niezb\u0119dn\u0105 papierkow\u0105 robot\u0119 i doradzi\u0107 po drodze, aby pom\u00f3c w uko\u0144czeniu wa\u017cnej i cz\u0119sto skomplikowanej pracy wymaganej od wykonawcy.<\/p><h3 id=\"interstate-estate-administration\" class=\"scroll-practice-areas\">Administracja Nieruchomo\u015bciami<\/h3><p>Czy ukochana osoba lub kto\u015b, kogo znasz, zmar\u0142 niedawno bez sporz\u0105dzenia testamentu? Czy utkn\u0105\u0142e\u015b teraz w sytuacji, w kt\u00f3rej musisz zarz\u0105dza\u0107 maj\u0105tkiem bez wskaz\u00f3wek od zmar\u0142ej osoby?<\/p><p>Wa\u017cne jest, aby w takiej sytuacji zasi\u0119gn\u0105\u0107 porady prawnej, poniewa\u017c je\u015bli maj\u0105tek nie jest prawid\u0142owo zarz\u0105dzany, jako osoba zajmuj\u0105ca si\u0119 aktywami, mo\u017cesz zosta\u0107 poci\u0105gni\u0119ty do odpowiedzialno\u015bci. Kieran O'Brien &amp; Associates Solicitors jest tutaj, aby Ci pom\u00f3c.<\/p><p>Przejrzymy wszystkie aktywa maj\u0105tku zmar\u0142ego i b\u0119dziemy nimi zarz\u0105dza\u0107 zgodnie z zasadami okre\u015blonymi w ustawie spadkowej z 1965 roku.<\/p><p>Nasz do\u015bwiadczony zesp\u00f3\u0142 mo\u017ce zaj\u0105\u0107 si\u0119 wszystkimi elementami procesu, pozostawiaj\u0105c ci czas na zaj\u0119cie si\u0119 rzeczami, kt\u00f3re maj\u0105 znaczenie w tym trudnym czasie.<\/p><h3 id=\"other-probate-matters\" class=\"scroll-practice-areas\">Inne Pytania Zwi\u0105zane z Testamentem<\/h3><p>Kieran O'Brien &amp; Associates Solicitors posiada wieloletnie do\u015bwiadczenie w obs\u0142udze wszystkich aspekt\u00f3w procesu spadkowego. Je\u015bli masz jakiekolwiek pytania lub kwestie zwi\u0105zane z testamentami, administrowaniem nieruchomo\u015bciami lub przeniesieniem w\u0142asno\u015bci nieruchomo\u015bci po \u015bmierci, skontaktuj si\u0119 z cz\u0142onkiem naszego zespo\u0142u. Jeste\u015bmy tutaj, aby pom\u00f3c. Rozumiemy, \u017ce jest to traumatyczny i delikatny czas dla Ciebie i Twojej rodziny, a skorzystanie z pomocy do\u015bwiadczonego prawnika spadkowego mo\u017ce odci\u0105\u017cy\u0107 Ci\u0119 od procesu administracyjnego, pozostawiaj\u0105c Tobie i Twojej rodzinie czas na skupienie si\u0119 na tym, co naprawd\u0119 wa\u017cne.\u00a0<\/p>\t\t\t\t\t\t\t\t<\/div>\n\t\t\t\t<\/div>\n\t\t\t\t\t<\/div>\n\t\t\t\t<\/div>\n\t\t\t\t<\/div>","protected":false},"excerpt":{"rendered":"<p>Making a Will What to do with your property on your death is one of the most important decisions you will make in your life. A Will ensures that your Property, Money and other assets are dealt with however you like after your death, for example whether that be a safe transfer of Assets to [&hellip;]<\/p>\n","protected":false},"author":1,"featured_media":0,"parent":1336,"menu_order":0,"comment_status":"closed","ping_status":"closed","template":"","meta":{"site-sidebar-layout":"no-sidebar","site-content-layout":"default","ast-site-content-layout":"default","site-content-style":"default","site-sidebar-style":"default","ast-global-header-display":"","ast-banner-title-visibility":"","ast-main-header-display":"","ast-hfb-above-header-display":"","ast-hfb-below-header-display":"","ast-hfb-mobile-header-display":"","site-post-title":"","ast-breadcrumbs-content":"","ast-featured-img":"disabled","footer-sml-layout":"","ast-disable-related-posts":"","theme-transparent-header-meta":"default","adv-header-id-meta":"","stick-header-meta":"default","header-above-stick-meta":"","header-main-stick-meta":"","header-below-stick-meta":"","astra-migrate-meta-layouts":"default","ast-page-background-enabled":"default","ast-page-background-meta":{"desktop":{"background-color":"","background-image":"","background-repeat":"repeat","background-position":"center center","background-size":"auto","background-attachment":"scroll","background-type":"","background-media":"","overlay-type":"","overlay-color":"","overlay-opacity":"","overlay-gradient":""},"tablet":{"background-color":"","background-image":"","background-repeat":"repeat","background-position":"center center","background-size":"auto","background-attachment":"scroll","background-type":"","background-media":"","overlay-type":"","overlay-color":"","overlay-opacity":"","overlay-gradient":""},"mobile":{"background-color":"","background-image":"","background-repeat":"repeat","background-position":"center center","background-size":"auto","background-attachment":"scroll","background-type":"","background-media":"","overlay-type":"","overlay-color":"","overlay-opacity":"","overlay-gradient":""}},"ast-content-background-meta":{"desktop":{"background-color":"var(--ast-global-color-5)","background-image":"","background-repeat":"repeat","background-position":"center center","background-size":"auto","background-attachment":"scroll","background-type":"","background-media":"","overlay-type":"","overlay-color":"","overlay-opacity":"","overlay-gradient":""},"tablet":{"background-color":"var(--ast-global-color-5)","background-image":"","background-repeat":"repeat","background-position":"center center","background-size":"auto","background-attachment":"scroll","background-type":"","background-media":"","overlay-type":"","overlay-color":"","overlay-opacity":"","overlay-gradient":""},"mobile":{"background-color":"var(--ast-global-color-5)","background-image":"","background-repeat":"repeat","background-position":"center center","background-size":"auto","background-attachment":"scroll","background-type":"","background-media":"","overlay-type":"","overlay-color":"","overlay-opacity":"","overlay-gradient":""}},"footnotes":""},"class_list":["post-1756","page","type-page","status-publish","hentry"],"_links":{"self":[{"href":"https:\/\/kieranobriensolicitor.com\/pl\/wp-json\/wp\/v2\/pages\/1756","targetHints":{"allow":["GET"]}}],"collection":[{"href":"https:\/\/kieranobriensolicitor.com\/pl\/wp-json\/wp\/v2\/pages"}],"about":[{"href":"https:\/\/kieranobriensolicitor.com\/pl\/wp-json\/wp\/v2\/types\/page"}],"author":[{"embeddable":true,"href":"https:\/\/kieranobriensolicitor.com\/pl\/wp-json\/wp\/v2\/users\/1"}],"replies":[{"embeddable":true,"href":"https:\/\/kieranobriensolicitor.com\/pl\/wp-json\/wp\/v2\/comments?post=1756"}],"version-history":[{"count":20,"href":"https:\/\/kieranobriensolicitor.com\/pl\/wp-json\/wp\/v2\/pages\/1756\/revisions"}],"predecessor-version":[{"id":2658,"href":"https:\/\/kieranobriensolicitor.com\/pl\/wp-json\/wp\/v2\/pages\/1756\/revisions\/2658"}],"up":[{"embeddable":true,"href":"https:\/\/kieranobriensolicitor.com\/pl\/wp-json\/wp\/v2\/pages\/1336"}],"wp:attachment":[{"href":"https:\/\/kieranobriensolicitor.com\/pl\/wp-json\/wp\/v2\/media?parent=1756"}],"curies":[{"name":"wp","href":"https:\/\/api.w.org\/{rel}","templated":true}]}}