{"id":2048,"date":"2023-12-07T17:39:22","date_gmt":"2023-12-07T17:39:22","guid":{"rendered":"https:\/\/ionicwp.com\/?page_id=2048"},"modified":"2024-04-12T14:03:41","modified_gmt":"2024-04-12T14:03:41","slug":"immigration","status":"publish","type":"page","link":"https:\/\/kieranobriensolicitor.com\/pl\/practice-areas\/immigration\/","title":{"rendered":"Imigracja"},"content":{"rendered":"<div data-elementor-type=\"wp-page\" data-elementor-id=\"2048\" class=\"elementor elementor-2048\" data-elementor-post-type=\"page\">\n\t\t\t\t<div class=\"elementor-element elementor-element-ac98d75 e-con-full e-flex e-con e-child\" data-id=\"ac98d75\" data-element_type=\"container\" data-e-type=\"container\">\n\t\t<div class=\"elementor-element elementor-element-2da2918 e-con-full e-flex e-con e-child\" data-id=\"2da2918\" data-element_type=\"container\" data-e-type=\"container\">\n\t\t\t\t<div class=\"elementor-element elementor-element-6b5fa1d scroll-anchor elementor-widget elementor-widget-heading\" data-id=\"6b5fa1d\" data-element_type=\"widget\" data-e-type=\"widget\" id=\"naturalisation-applications\" data-widget_type=\"heading.default\">\n\t\t\t\t<div class=\"elementor-widget-container\">\n\t\t\t\t\t<h3 class=\"elementor-heading-title elementor-size-default\">Wniosek O Naturalizacj\u0119<\/h3>\t\t\t\t<\/div>\n\t\t\t\t<\/div>\n\t\t\t\t<div class=\"elementor-element elementor-element-7c333e7 elementor-widget elementor-widget-text-editor\" data-id=\"7c333e7\" data-element_type=\"widget\" data-e-type=\"widget\" data-widget_type=\"text-editor.default\">\n\t\t\t\t<div class=\"elementor-widget-container\">\n\t\t\t\t\t\t\t\t\t<p>Poruszanie si\u0119 po procesie naturalizacji w Irlandii mo\u017ce by\u0107 skomplikowane, ale w Kieran O'Brien &amp; Associates Solicitors jeste\u015bmy tutaj, aby zapewni\u0107 fachowe wskaz\u00f3wki i wsparcie na ka\u017cdym kroku. Nasz do\u015bwiadczony zesp\u00f3\u0142 mo\u017ce pom\u00f3c Ci w z\u0142o\u017ceniu wniosku o naturalizacj\u0119, pomagaj\u0105c Ci uzyska\u0107 obywatelstwo irlandzkie oraz wszystkie prawa i mo\u017cliwo\u015bci, kt\u00f3re si\u0119 z nim wi\u0105\u017c\u0105.<\/p><p>Niezale\u017cnie od tego, czy szukasz wyja\u015bnie\u0144 dotycz\u0105cych kryteri\u00f3w kwalifikowalno\u015bci, potrzebujesz pomocy w wype\u0142nieniu formularzy zg\u0142oszeniowych, czy te\u017c potrzebujesz reprezentacji podczas rozm\u00f3w kwalifikacyjnych lub odwo\u0142a\u0144, mamy wiedz\u0119 i do\u015bwiadczenie, aby sprawnie i skutecznie porusza\u0107 si\u0119 po tym procesie. Rozumiemy, jak wa\u017cne jest uzyskanie irlandzkiego obywatelstwa i jakie mo\u017cliwo\u015bci mo\u017ce ono zmieni\u0107 jego \u017cycie. Pozw\u00f3l nam zaj\u0105\u0107 si\u0119 prawnymi zawi\u0142o\u015bciami Twojego wniosku o naturalizacj\u0119, dzi\u0119ki czemu mo\u017cesz bez obaw skupi\u0107 si\u0119 na budowaniu swojej przysz\u0142o\u015bci w Irlandii. Skontaktuj si\u0119 z nami ju\u017c dzi\u015b, aby um\u00f3wi\u0107 si\u0119 na BEZP\u0141ATN\u0104 konsultacj\u0119 i zrobi\u0107 pierwszy krok w kierunku realizacji swojego marzenia o obywatelstwie irlandzkim.<\/p>\t\t\t\t\t\t\t\t<\/div>\n\t\t\t\t<\/div>\n\t\t\t\t<\/div>\n\t\t<div class=\"elementor-element elementor-element-9c03bb1 e-con-full e-flex e-con e-child\" data-id=\"9c03bb1\" data-element_type=\"container\" data-e-type=\"container\">\n\t\t\t\t<div class=\"elementor-element elementor-element-52d3576 elementor-widget elementor-widget-image\" data-id=\"52d3576\" data-element_type=\"widget\" data-e-type=\"widget\" data-widget_type=\"image.default\">\n\t\t\t\t<div class=\"elementor-widget-container\">\n\t\t\t\t\t\t\t\t\t\t\t\t\t\t\t<img fetchpriority=\"high\" decoding=\"async\" width=\"600\" height=\"400\" src=\"https:\/\/kieranobriensolicitor.com\/wp-content\/uploads\/2024\/04\/immigration-naturalisation-applications.jpg\" class=\"attachment-full size-full wp-image-2729\" alt=\"\" srcset=\"https:\/\/kieranobriensolicitor.com\/wp-content\/uploads\/2024\/04\/immigration-naturalisation-applications.jpg 600w, https:\/\/kieranobriensolicitor.com\/wp-content\/uploads\/2024\/04\/immigration-naturalisation-applications-300x200.jpg 300w, https:\/\/kieranobriensolicitor.com\/wp-content\/uploads\/2024\/04\/immigration-naturalisation-applications-18x12.jpg 18w\" sizes=\"(max-width: 600px) 100vw, 600px\" \/>\t\t\t\t\t\t\t\t\t\t\t\t\t\t\t<\/div>\n\t\t\t\t<\/div>\n\t\t\t\t<\/div>\n\t\t\t\t<\/div>\n\t\t<div class=\"elementor-element elementor-element-4bc77e9 e-con-full e-flex e-con e-child\" data-id=\"4bc77e9\" data-element_type=\"container\" data-e-type=\"container\">\n\t\t<div class=\"elementor-element elementor-element-5d8afa8 e-con-full e-flex e-con e-child\" data-id=\"5d8afa8\" data-element_type=\"container\" data-e-type=\"container\">\n\t\t\t\t<div class=\"elementor-element elementor-element-78f47ad elementor-widget elementor-widget-image\" data-id=\"78f47ad\" data-element_type=\"widget\" data-e-type=\"widget\" data-widget_type=\"image.default\">\n\t\t\t\t<div class=\"elementor-widget-container\">\n\t\t\t\t\t\t\t\t\t\t\t\t\t\t\t<img decoding=\"async\" width=\"600\" height=\"400\" src=\"https:\/\/kieranobriensolicitor.com\/wp-content\/uploads\/2024\/04\/immigration-join-family-visa.jpg\" class=\"attachment-full size-full wp-image-2730\" alt=\"\" srcset=\"https:\/\/kieranobriensolicitor.com\/wp-content\/uploads\/2024\/04\/immigration-join-family-visa.jpg 600w, https:\/\/kieranobriensolicitor.com\/wp-content\/uploads\/2024\/04\/immigration-join-family-visa-300x200.jpg 300w, https:\/\/kieranobriensolicitor.com\/wp-content\/uploads\/2024\/04\/immigration-join-family-visa-18x12.jpg 18w\" sizes=\"(max-width: 600px) 100vw, 600px\" \/>\t\t\t\t\t\t\t\t\t\t\t\t\t\t\t<\/div>\n\t\t\t\t<\/div>\n\t\t\t\t<\/div>\n\t\t<div class=\"elementor-element elementor-element-736bf2a e-con-full e-flex e-con e-child\" data-id=\"736bf2a\" data-element_type=\"container\" data-e-type=\"container\">\n\t\t\t\t<div class=\"elementor-element elementor-element-6e5f0ec scroll-anchor elementor-widget elementor-widget-heading\" data-id=\"6e5f0ec\" data-element_type=\"widget\" data-e-type=\"widget\" id=\"join-family-visas\" data-widget_type=\"heading.default\">\n\t\t\t\t<div class=\"elementor-widget-container\">\n\t\t\t\t\t<h3 class=\"elementor-heading-title elementor-size-default\">Wizy Do Wej\u015bcia W Rodzin\u0119<\/h3>\t\t\t\t<\/div>\n\t\t\t\t<\/div>\n\t\t\t\t<div class=\"elementor-element elementor-element-d150099 elementor-widget elementor-widget-text-editor\" data-id=\"d150099\" data-element_type=\"widget\" data-e-type=\"widget\" data-widget_type=\"text-editor.default\">\n\t\t\t\t<div class=\"elementor-widget-container\">\n\t\t\t\t\t\t\t\t\t<p>W Kieran O'Brien &amp; Associates Solicitors rozumiemy znaczenie jedno\u015bci rodziny i wyzwania, kt\u00f3re mog\u0105 pojawi\u0107 si\u0119, gdy bliscy s\u0105 rozdzieleni przez granice. Nasz do\u015bwiadczony zesp\u00f3\u0142 pomo\u017ce Ci w z\u0142o\u017ceniu wniosku o irlandzk\u0105 wiz\u0119 rodzinn\u0105, u\u0142atwiaj\u0105c \u0142\u0105czenie rodzin w Irlandii.<\/p><p>Je\u015bli chcesz sprowadzi\u0107 wsp\u00f3\u0142ma\u0142\u017conka, dziecko, rodzica lub innego cz\u0142onka rodziny pozostaj\u0105cego na Twoim utrzymaniu, aby do\u0142\u0105czy\u0142 do Ciebie w Irlandii, jeste\u015bmy tutaj, aby zapewni\u0107 fachowe wskaz\u00f3wki i wsparcie podczas ca\u0142ego procesu sk\u0142adania wniosku. Od poruszania si\u0119 po wymaganiach kwalifikacyjnych po przygotowanie i z\u0142o\u017cenie dokumentacji, b\u0119dziemy pilnie pracowa\u0107, aby zapewni\u0107 sprawne i pomy\u015blne z\u0142o\u017cenie wniosku wizowego. Zdajemy sobie spraw\u0119 z emocjonalnego znaczenia ponownego po\u0142\u0105czenia si\u0119 z cz\u0142onkami rodziny i jeste\u015bmy zobowi\u0105zani do pomocy w poruszaniu si\u0119 po zawi\u0142o\u015bciach prawa imigracyjnego ze wsp\u00f3\u0142czuciem i profesjonalizmem. Skontaktuj si\u0119 z nami ju\u017c dzi\u015b, aby um\u00f3wi\u0107 si\u0119 na konsultacj\u0119 i zrobi\u0107 pierwszy krok w kierunku po\u0142\u0105czenia rodziny w Irlandii.<\/p>\t\t\t\t\t\t\t\t<\/div>\n\t\t\t\t<\/div>\n\t\t\t\t<\/div>\n\t\t\t\t<\/div>\n\t\t<div class=\"elementor-element elementor-element-0ec3dbd e-con-full e-flex e-con e-child\" data-id=\"0ec3dbd\" data-element_type=\"container\" data-e-type=\"container\">\n\t\t<div class=\"elementor-element elementor-element-cdfc3a6 e-con-full e-flex e-con e-child\" data-id=\"cdfc3a6\" data-element_type=\"container\" data-e-type=\"container\">\n\t\t\t\t<div class=\"elementor-element elementor-element-15bf0da scroll-anchor elementor-widget elementor-widget-heading\" data-id=\"15bf0da\" data-element_type=\"widget\" data-e-type=\"widget\" id=\"visa-extensions\" data-widget_type=\"heading.default\">\n\t\t\t\t<div class=\"elementor-widget-container\">\n\t\t\t\t\t<h3 class=\"elementor-heading-title elementor-size-default\">Przed\u0142u\u017cenie Wizy<\/h3>\t\t\t\t<\/div>\n\t\t\t\t<\/div>\n\t\t\t\t<div class=\"elementor-element elementor-element-f022225 elementor-widget elementor-widget-text-editor\" data-id=\"f022225\" data-element_type=\"widget\" data-e-type=\"widget\" data-widget_type=\"text-editor.default\">\n\t\t\t\t<div class=\"elementor-widget-container\">\n\t\t\t\t\t\t\t\t\t<p>Czy zmieni\u0142y si\u0119 Twoje okoliczno\u015bci i Potrzebujesz wi\u0119cej czasu w Irlandii, ni\u017c pierwotnie planowa\u0142e\u015b, czy te\u017c, co zrozumia\u0142e, zakocha\u0142e\u015b si\u0119 w tym kraju i chcesz przed\u0142u\u017cy\u0107 sw\u00f3j pobyt? Nasz oddany zesp\u00f3\u0142 specjalizuje si\u0119 w pomaganiu ludziom w odnawianiu wiz. Niezale\u017cnie od tego, czy chcesz przed\u0142u\u017cy\u0107 sw\u00f3j pobyt w pracy, szkole, rodzinie, czy w jakimkolwiek innym celu, jeste\u015bmy tutaj, aby zapewni\u0107 kompleksowe wsparcie podczas ca\u0142ego procesu odnowienia.<\/p><p>Od oceny kwalifikowalno\u015bci i gromadzenia niezb\u0119dnej dokumentacji po nawigacj\u0119 po zawi\u0142o\u015bciach prawnych i reprezentacj\u0119 w procedurach administracyjnych, d\u0105\u017cymy do zapewnienia sprawnego i pomy\u015blnego przed\u0142u\u017cenia wizy. Pozw\u00f3l nam wyeliminowa\u0107 stres zwi\u0105zany z odnowieniem wizy, aby\u015b m\u00f3g\u0142 skupi\u0107 si\u0119 na cieszeniu si\u0119 pobytem w Irlandii. Skontaktuj si\u0119 z nami ju\u017c dzi\u015b, aby um\u00f3wi\u0107 si\u0119 na konsultacj\u0119 i zrobi\u0107 kolejny krok w kierunku legalnego i niezawodnego przed\u0142u\u017cenia pobytu w Irlandii.<\/p>\t\t\t\t\t\t\t\t<\/div>\n\t\t\t\t<\/div>\n\t\t\t\t<\/div>\n\t\t<div class=\"elementor-element elementor-element-ae596e9 e-con-full e-flex e-con e-child\" data-id=\"ae596e9\" data-element_type=\"container\" data-e-type=\"container\">\n\t\t\t\t<div class=\"elementor-element elementor-element-64b8707 elementor-widget elementor-widget-image\" data-id=\"64b8707\" data-element_type=\"widget\" data-e-type=\"widget\" data-widget_type=\"image.default\">\n\t\t\t\t<div class=\"elementor-widget-container\">\n\t\t\t\t\t\t\t\t\t\t\t\t\t\t\t<img decoding=\"async\" width=\"600\" height=\"400\" src=\"https:\/\/kieranobriensolicitor.com\/wp-content\/uploads\/2024\/04\/immigration-visa-extensions.jpg\" class=\"attachment-full size-full wp-image-2731\" alt=\"\" srcset=\"https:\/\/kieranobriensolicitor.com\/wp-content\/uploads\/2024\/04\/immigration-visa-extensions.jpg 600w, https:\/\/kieranobriensolicitor.com\/wp-content\/uploads\/2024\/04\/immigration-visa-extensions-300x200.jpg 300w, https:\/\/kieranobriensolicitor.com\/wp-content\/uploads\/2024\/04\/immigration-visa-extensions-18x12.jpg 18w\" sizes=\"(max-width: 600px) 100vw, 600px\" \/>\t\t\t\t\t\t\t\t\t\t\t\t\t\t\t<\/div>\n\t\t\t\t<\/div>\n\t\t\t\t<\/div>\n\t\t\t\t<\/div>\n\t\t<div class=\"elementor-element elementor-element-1de281b e-con-full e-flex e-con e-child\" data-id=\"1de281b\" data-element_type=\"container\" data-e-type=\"container\">\n\t\t<div class=\"elementor-element elementor-element-687123a e-con-full e-flex e-con e-child\" data-id=\"687123a\" data-element_type=\"container\" data-e-type=\"container\">\n\t\t\t\t<div class=\"elementor-element elementor-element-5903e65 elementor-widget elementor-widget-image\" data-id=\"5903e65\" data-element_type=\"widget\" data-e-type=\"widget\" data-widget_type=\"image.default\">\n\t\t\t\t<div class=\"elementor-widget-container\">\n\t\t\t\t\t\t\t\t\t\t\t\t\t\t\t<img loading=\"lazy\" decoding=\"async\" width=\"600\" height=\"400\" src=\"https:\/\/kieranobriensolicitor.com\/wp-content\/uploads\/2024\/04\/immigration-refugee-status.jpg\" class=\"attachment-full size-full wp-image-2732\" alt=\"\" srcset=\"https:\/\/kieranobriensolicitor.com\/wp-content\/uploads\/2024\/04\/immigration-refugee-status.jpg 600w, https:\/\/kieranobriensolicitor.com\/wp-content\/uploads\/2024\/04\/immigration-refugee-status-300x200.jpg 300w, https:\/\/kieranobriensolicitor.com\/wp-content\/uploads\/2024\/04\/immigration-refugee-status-18x12.jpg 18w\" sizes=\"(max-width: 600px) 100vw, 600px\" \/>\t\t\t\t\t\t\t\t\t\t\t\t\t\t\t<\/div>\n\t\t\t\t<\/div>\n\t\t\t\t<\/div>\n\t\t<div class=\"elementor-element elementor-element-f25e1cc e-con-full e-flex e-con e-child\" data-id=\"f25e1cc\" data-element_type=\"container\" data-e-type=\"container\">\n\t\t\t\t<div class=\"elementor-element elementor-element-1a87214 scroll-anchor elementor-widget elementor-widget-heading\" data-id=\"1a87214\" data-element_type=\"widget\" data-e-type=\"widget\" id=\"refugee-status\" data-widget_type=\"heading.default\">\n\t\t\t\t<div class=\"elementor-widget-container\">\n\t\t\t\t\t<h3 class=\"elementor-heading-title elementor-size-default\">Status Uchod\u017acy<\/h3>\t\t\t\t<\/div>\n\t\t\t\t<\/div>\n\t\t\t\t<div class=\"elementor-element elementor-element-580c2b6 elementor-widget elementor-widget-text-editor\" data-id=\"580c2b6\" data-element_type=\"widget\" data-e-type=\"widget\" data-widget_type=\"text-editor.default\">\n\t\t\t\t<div class=\"elementor-widget-container\">\n\t\t\t\t\t\t\t\t\t<p>Je\u015bli starasz si\u0119 o azyl w Irlandii, nasz do\u015bwiadczony zesp\u00f3\u0142 jest tutaj, aby zapewni\u0107 Ci fachowe wskaz\u00f3wki i wsparcie, kt\u00f3rego potrzebujesz. Rozumiemy z\u0142o\u017cono\u015b\u0107 i wyzwania zwi\u0105zane z procesem azylowym i jeste\u015bmy zaanga\u017cowani w pomoc osobom fizycznym w poruszaniu si\u0119 po zawi\u0142o\u015bciach prawnych zwi\u0105zanych z ubieganiem si\u0119 o status uchod\u017acy.<\/p>\t\t\t\t\t\t\t\t<\/div>\n\t\t\t\t<\/div>\n\t\t\t\t<\/div>\n\t\t\t\t<\/div>\n\t\t<div class=\"elementor-element elementor-element-808ed9f e-con-full e-flex e-con e-child\" data-id=\"808ed9f\" data-element_type=\"container\" data-e-type=\"container\">\n\t\t<div class=\"elementor-element elementor-element-d39b102 e-con-full e-flex e-con e-child\" data-id=\"d39b102\" data-element_type=\"container\" data-e-type=\"container\">\n\t\t\t\t<div class=\"elementor-element elementor-element-818ed3a scroll-anchor elementor-widget elementor-widget-heading\" data-id=\"818ed3a\" data-element_type=\"widget\" data-e-type=\"widget\" id=\"other-immigration-matters\" data-widget_type=\"heading.default\">\n\t\t\t\t<div class=\"elementor-widget-container\">\n\t\t\t\t\t<h3 class=\"elementor-heading-title elementor-size-default\">Inne Sprawy Imigracyjne<\/h3>\t\t\t\t<\/div>\n\t\t\t\t<\/div>\n\t\t\t\t<div class=\"elementor-element elementor-element-bbe24bd elementor-widget elementor-widget-text-editor\" data-id=\"bbe24bd\" data-element_type=\"widget\" data-e-type=\"widget\" data-widget_type=\"text-editor.default\">\n\t\t\t\t<div class=\"elementor-widget-container\">\n\t\t\t\t\t\t\t\t\t<p>W Kieran O'Brien &amp; Associates Solicitors rozumiemy, \u017ce sprawy imigracyjne mog\u0105 by\u0107 z\u0142o\u017cone i przyt\u0142aczaj\u0105ce. Niezale\u017cnie od tego, czy chcesz uzyska\u0107 wiz\u0119, ubiega\u0107 si\u0119 o rezydentur\u0119, po\u0142\u0105czy\u0107 si\u0119 z cz\u0142onkami rodziny, czy te\u017c spe\u0142ni\u0107 wymagania dotycz\u0105ce obywatelstwa, nasz do\u015bwiadczony zesp\u00f3\u0142 prawnik\u00f3w imigracyjnych jest tutaj, aby zapewni\u0107 fachowe wskaz\u00f3wki i wsparcie.<\/p><p>Specjalizujemy si\u0119 we wszystkich aspektach prawa imigracyjnego i jeste\u015bmy zaanga\u017cowani w pomoc osobom i rodzinom w osi\u0105gni\u0119ciu ich cel\u00f3w imigracyjnych. Od oceny kwalifikowalno\u015bci i zbadania dost\u0119pnych opcji po przygotowanie i z\u0142o\u017cenie dokumentacji oraz reprezentowanie w post\u0119powaniu s\u0105dowym, b\u0119dziemy pilnie pracowa\u0107, aby zapewni\u0107 skuteczny i udany proces imigracyjny.<\/p><p>Naszym celem jest z\u0142agodzenie stresu i niepewno\u015bci cz\u0119sto zwi\u0105zanych ze sprawami imigracyjnymi, co pozwala skupi\u0107 si\u0119 na budowaniu swojej przysz\u0142o\u015bci w Irlandii. Skontaktuj si\u0119 z nami ju\u017c dzi\u015b w celu konsultacji i pozw\u00f3l nam pom\u00f3c ci z \u0142atwo\u015bci\u0105 porusza\u0107 si\u0119 po zawi\u0142o\u015bciach prawa imigracyjnego.<\/p>\t\t\t\t\t\t\t\t<\/div>\n\t\t\t\t<\/div>\n\t\t\t\t<\/div>\n\t\t<div class=\"elementor-element elementor-element-a139853 e-con-full e-flex e-con e-child\" data-id=\"a139853\" data-element_type=\"container\" data-e-type=\"container\">\n\t\t\t\t<div class=\"elementor-element elementor-element-123a3a1 elementor-widget elementor-widget-image\" data-id=\"123a3a1\" data-element_type=\"widget\" data-e-type=\"widget\" data-widget_type=\"image.default\">\n\t\t\t\t<div class=\"elementor-widget-container\">\n\t\t\t\t\t\t\t\t\t\t\t\t\t\t\t<img loading=\"lazy\" decoding=\"async\" width=\"600\" height=\"400\" src=\"https:\/\/kieranobriensolicitor.com\/wp-content\/uploads\/2024\/04\/immigration-other.jpg\" class=\"attachment-full size-full wp-image-2733\" alt=\"\" srcset=\"https:\/\/kieranobriensolicitor.com\/wp-content\/uploads\/2024\/04\/immigration-other.jpg 600w, https:\/\/kieranobriensolicitor.com\/wp-content\/uploads\/2024\/04\/immigration-other-300x200.jpg 300w, https:\/\/kieranobriensolicitor.com\/wp-content\/uploads\/2024\/04\/immigration-other-18x12.jpg 18w\" sizes=\"(max-width: 600px) 100vw, 600px\" \/>\t\t\t\t\t\t\t\t\t\t\t\t\t\t\t<\/div>\n\t\t\t\t<\/div>\n\t\t\t\t<\/div>\n\t\t\t\t<\/div>\n\t\t\t\t<\/div>","protected":false},"excerpt":{"rendered":"<p>Naturalisation Applications Navigating the process of naturalization in Ireland can be complex, but at Kieran O&#8217;Brien &amp; Associates Solicitors, we&#8217;re here to provide expert guidance and support every step of the way. Our experienced team can assist you with naturalization applications, helping you achieve Irish citizenship and all the rights and opportunities that come with [&hellip;]<\/p>\n","protected":false},"author":1,"featured_media":0,"parent":1336,"menu_order":0,"comment_status":"closed","ping_status":"closed","template":"","meta":{"site-sidebar-layout":"no-sidebar","site-content-layout":"default","ast-site-content-layout":"default","site-content-style":"default","site-sidebar-style":"default","ast-global-header-display":"","ast-banner-title-visibility":"","ast-main-header-display":"","ast-hfb-above-header-display":"","ast-hfb-below-header-display":"","ast-hfb-mobile-header-display":"","site-post-title":"","ast-breadcrumbs-content":"","ast-featured-img":"disabled","footer-sml-layout":"","ast-disable-related-posts":"","theme-transparent-header-meta":"default","adv-header-id-meta":"","stick-header-meta":"default","header-above-stick-meta":"","header-main-stick-meta":"","header-below-stick-meta":"","astra-migrate-meta-layouts":"default","ast-page-background-enabled":"default","ast-page-background-meta":{"desktop":{"background-color":"","background-image":"","background-repeat":"repeat","background-position":"center center","background-size":"auto","background-attachment":"scroll","background-type":"","background-media":"","overlay-type":"","overlay-color":"","overlay-opacity":"","overlay-gradient":""},"tablet":{"background-color":"","background-image":"","background-repeat":"repeat","background-position":"center center","background-size":"auto","background-attachment":"scroll","background-type":"","background-media":"","overlay-type":"","overlay-color":"","overlay-opacity":"","overlay-gradient":""},"mobile":{"background-color":"","background-image":"","background-repeat":"repeat","background-position":"center center","background-size":"auto","background-attachment":"scroll","background-type":"","background-media":"","overlay-type":"","overlay-color":"","overlay-opacity":"","overlay-gradient":""}},"ast-content-background-meta":{"desktop":{"background-color":"var(--ast-global-color-5)","background-image":"","background-repeat":"repeat","background-position":"center center","background-size":"auto","background-attachment":"scroll","background-type":"","background-media":"","overlay-type":"","overlay-color":"","overlay-opacity":"","overlay-gradient":""},"tablet":{"background-color":"var(--ast-global-color-5)","background-image":"","background-repeat":"repeat","background-position":"center center","background-size":"auto","background-attachment":"scroll","background-type":"","background-media":"","overlay-type":"","overlay-color":"","overlay-opacity":"","overlay-gradient":""},"mobile":{"background-color":"var(--ast-global-color-5)","background-image":"","background-repeat":"repeat","background-position":"center center","background-size":"auto","background-attachment":"scroll","background-type":"","background-media":"","overlay-type":"","overlay-color":"","overlay-opacity":"","overlay-gradient":""}},"footnotes":""},"class_list":["post-2048","page","type-page","status-publish","hentry"],"_links":{"self":[{"href":"https:\/\/kieranobriensolicitor.com\/pl\/wp-json\/wp\/v2\/pages\/2048","targetHints":{"allow":["GET"]}}],"collection":[{"href":"https:\/\/kieranobriensolicitor.com\/pl\/wp-json\/wp\/v2\/pages"}],"about":[{"href":"https:\/\/kieranobriensolicitor.com\/pl\/wp-json\/wp\/v2\/types\/page"}],"author":[{"embeddable":true,"href":"https:\/\/kieranobriensolicitor.com\/pl\/wp-json\/wp\/v2\/users\/1"}],"replies":[{"embeddable":true,"href":"https:\/\/kieranobriensolicitor.com\/pl\/wp-json\/wp\/v2\/comments?post=2048"}],"version-history":[{"count":43,"href":"https:\/\/kieranobriensolicitor.com\/pl\/wp-json\/wp\/v2\/pages\/2048\/revisions"}],"predecessor-version":[{"id":2842,"href":"https:\/\/kieranobriensolicitor.com\/pl\/wp-json\/wp\/v2\/pages\/2048\/revisions\/2842"}],"up":[{"embeddable":true,"href":"https:\/\/kieranobriensolicitor.com\/pl\/wp-json\/wp\/v2\/pages\/1336"}],"wp:attachment":[{"href":"https:\/\/kieranobriensolicitor.com\/pl\/wp-json\/wp\/v2\/media?parent=2048"}],"curies":[{"name":"wp","href":"https:\/\/api.w.org\/{rel}","templated":true}]}}