{"id":2050,"date":"2023-12-07T17:39:34","date_gmt":"2023-12-07T17:39:34","guid":{"rendered":"https:\/\/ionicwp.com\/?page_id=2050"},"modified":"2024-04-12T14:06:11","modified_gmt":"2024-04-12T14:06:11","slug":"defamation","status":"publish","type":"page","link":"https:\/\/kieranobriensolicitor.com\/pl\/practice-areas\/defamation\/","title":{"rendered":"Znies\u0142awienie"},"content":{"rendered":"<div data-elementor-type=\"wp-page\" data-elementor-id=\"2050\" class=\"elementor elementor-2050\" data-elementor-post-type=\"page\">\n\t\t\t\t<div class=\"elementor-element elementor-element-7bd1dc3 e-con-full e-flex e-con e-child\" data-id=\"7bd1dc3\" data-element_type=\"container\" data-e-type=\"container\">\n\t\t<div class=\"elementor-element elementor-element-41f00ca e-con-full e-flex e-con e-child\" data-id=\"41f00ca\" data-element_type=\"container\" data-e-type=\"container\">\n\t\t\t\t<div class=\"elementor-element elementor-element-f0d0a39 elementor-widget elementor-widget-heading\" data-id=\"f0d0a39\" data-element_type=\"widget\" data-e-type=\"widget\" data-widget_type=\"heading.default\">\n\t\t\t\t<div class=\"elementor-widget-container\">\n\t\t\t\t\t<h3 class=\"elementor-heading-title elementor-size-default\">Znies\u0142awienie<\/h3>\t\t\t\t<\/div>\n\t\t\t\t<\/div>\n\t\t\t\t<div class=\"elementor-element elementor-element-3c61e51 elementor-widget elementor-widget-text-editor\" data-id=\"3c61e51\" data-element_type=\"widget\" data-e-type=\"widget\" data-widget_type=\"text-editor.default\">\n\t\t\t\t<div class=\"elementor-widget-container\">\n\t\t\t\t\t\t\t\t\t<p>Znies\u0142awienie to o\u015bwiadczenie lub publikacja, kt\u00f3ra w jaki\u015b spos\u00f3b przekazuje oszczercz\u0105 wiadomo\u015b\u0107 lub inn\u0105 form\u0119 komunikacji, kt\u00f3ra w opinii publicznej mo\u017ce zaszkodzi\u0107 twojej reputacji. Znies\u0142awienie mo\u017ce przybra\u0107 form\u0119 wypowiedzi ustnej, postu w mediach spo\u0142eczno\u015bciowych, artyku\u0142u w gazecie lub w jakikolwiek inny spos\u00f3b, kt\u00f3ry przekazuje szerszej publiczno\u015bci wiadomo\u015b\u0107, kt\u00f3ra szkodzi Twojej reputacji i wizerunkowi publicznemu.\u00a0<\/p><p>Je\u015bli uwa\u017casz, \u017ce pad\u0142e\u015b ofiar\u0105 tre\u015bci obscenicznych wypowiedzi, mo\u017cemy zaoferowa\u0107 rozwi\u0105zania, czy to przeprosin, sprostowania lub odszkodowanie pieni\u0119\u017cne. Prawnicy Kieran O ' Brien &amp; Associates posiadaj\u0105 wieloletnie do\u015bwiadczenie w tej dziedzinie, postaramy si\u0119 zaproponowa\u0107 ci rozwi\u0105zanie, na kt\u00f3re zas\u0142ugujesz.<\/p>\t\t\t\t\t\t\t\t<\/div>\n\t\t\t\t<\/div>\n\t\t\t\t<\/div>\n\t\t<div class=\"elementor-element elementor-element-a873d6c e-con-full e-flex e-con e-child\" data-id=\"a873d6c\" data-element_type=\"container\" data-e-type=\"container\">\n\t\t\t\t<div class=\"elementor-element elementor-element-4dc49bb elementor-widget elementor-widget-image\" data-id=\"4dc49bb\" data-element_type=\"widget\" data-e-type=\"widget\" data-widget_type=\"image.default\">\n\t\t\t\t<div class=\"elementor-widget-container\">\n\t\t\t\t\t\t\t\t\t\t\t\t\t\t\t<img fetchpriority=\"high\" decoding=\"async\" width=\"600\" height=\"400\" src=\"https:\/\/kieranobriensolicitor.com\/wp-content\/uploads\/2024\/04\/defamation-description.jpg\" class=\"attachment-full size-full wp-image-2752\" alt=\"\" srcset=\"https:\/\/kieranobriensolicitor.com\/wp-content\/uploads\/2024\/04\/defamation-description.jpg 600w, https:\/\/kieranobriensolicitor.com\/wp-content\/uploads\/2024\/04\/defamation-description-300x200.jpg 300w, https:\/\/kieranobriensolicitor.com\/wp-content\/uploads\/2024\/04\/defamation-description-18x12.jpg 18w\" sizes=\"(max-width: 600px) 100vw, 600px\" \/>\t\t\t\t\t\t\t\t\t\t\t\t\t\t\t<\/div>\n\t\t\t\t<\/div>\n\t\t\t\t<\/div>\n\t\t\t\t<\/div>\n\t\t<div class=\"elementor-element elementor-element-ad8a7ce e-con-full e-flex e-con e-child\" data-id=\"ad8a7ce\" data-element_type=\"container\" data-e-type=\"container\">\n\t\t<div class=\"elementor-element elementor-element-7bee17f e-con-full e-flex e-con e-child\" data-id=\"7bee17f\" data-element_type=\"container\" data-e-type=\"container\">\n\t\t\t\t<div class=\"elementor-element elementor-element-6fb8161 elementor-widget elementor-widget-image\" data-id=\"6fb8161\" data-element_type=\"widget\" data-e-type=\"widget\" data-widget_type=\"image.default\">\n\t\t\t\t<div class=\"elementor-widget-container\">\n\t\t\t\t\t\t\t\t\t\t\t\t\t\t\t<img decoding=\"async\" width=\"600\" height=\"400\" src=\"https:\/\/kieranobriensolicitor.com\/wp-content\/uploads\/2024\/04\/defamation-false-accusations.jpg\" class=\"attachment-full size-full wp-image-2753\" alt=\"\" srcset=\"https:\/\/kieranobriensolicitor.com\/wp-content\/uploads\/2024\/04\/defamation-false-accusations.jpg 600w, https:\/\/kieranobriensolicitor.com\/wp-content\/uploads\/2024\/04\/defamation-false-accusations-300x200.jpg 300w, https:\/\/kieranobriensolicitor.com\/wp-content\/uploads\/2024\/04\/defamation-false-accusations-18x12.jpg 18w\" sizes=\"(max-width: 600px) 100vw, 600px\" \/>\t\t\t\t\t\t\t\t\t\t\t\t\t\t\t<\/div>\n\t\t\t\t<\/div>\n\t\t\t\t<\/div>\n\t\t<div class=\"elementor-element elementor-element-a9c2e4c e-con-full e-flex e-con e-child\" data-id=\"a9c2e4c\" data-element_type=\"container\" data-e-type=\"container\">\n\t\t\t\t<div class=\"elementor-element elementor-element-b638e6e scroll-anchor elementor-widget elementor-widget-heading\" data-id=\"b638e6e\" data-element_type=\"widget\" data-e-type=\"widget\" id=\"false-accusations\" data-widget_type=\"heading.default\">\n\t\t\t\t<div class=\"elementor-widget-container\">\n\t\t\t\t\t<h3 class=\"elementor-heading-title elementor-size-default\">Fa\u0142szywe Oskar\u017cenia<\/h3>\t\t\t\t<\/div>\n\t\t\t\t<\/div>\n\t\t\t\t<div class=\"elementor-element elementor-element-f9b469c elementor-widget elementor-widget-text-editor\" data-id=\"f9b469c\" data-element_type=\"widget\" data-e-type=\"widget\" data-widget_type=\"text-editor.default\">\n\t\t\t\t<div class=\"elementor-widget-container\">\n\t\t\t\t\t\t\t\t\t<p>Czy kto\u015b oskar\u017cy\u0142 Ci\u0119 o kradzie\u017c w sklepie, oszustwo lub inny czyn, kt\u00f3rego jeste\u015b niewinny? Czy ochroniarz bezpodstawnie \u015bledzi\u0142 Ci\u0119 i publicznie wyg\u0142asza\u0142 o\u015bwiadczenia, kt\u00f3re sprawi\u0142y, \u017ce poczu\u0142e\u015b si\u0119 zaniepokojony i niekomfortowo. Je\u015bli uwa\u017casz, \u017ce ich dzia\u0142ania zaszkodzi\u0142y Twojej reputacji w oczach opinii publicznej, mo\u017cesz mie\u0107 prawo do odszkodowania.<\/p><p>Poinformuj nas o tym w dziale zapytania poni\u017cej i spotkaj si\u0119 z cz\u0142onkiem zespo\u0142u. B\u0119dziemy walczy\u0107 o utrzymanie swojej reputacji w spo\u0142ecze\u0144stwie.<\/p>\t\t\t\t\t\t\t\t<\/div>\n\t\t\t\t<\/div>\n\t\t\t\t<\/div>\n\t\t\t\t<\/div>\n\t\t<div class=\"elementor-element elementor-element-1509ee9 e-con-full e-flex e-con e-child\" data-id=\"1509ee9\" data-element_type=\"container\" data-e-type=\"container\">\n\t\t<div class=\"elementor-element elementor-element-3484b79 e-con-full e-flex e-con e-child\" data-id=\"3484b79\" data-element_type=\"container\" data-e-type=\"container\">\n\t\t\t\t<div class=\"elementor-element elementor-element-8420894 scroll-anchor elementor-widget elementor-widget-heading\" data-id=\"8420894\" data-element_type=\"widget\" data-e-type=\"widget\" id=\"publications\" data-widget_type=\"heading.default\">\n\t\t\t\t<div class=\"elementor-widget-container\">\n\t\t\t\t\t<h3 class=\"elementor-heading-title elementor-size-default\">Publikacje<\/h3>\t\t\t\t<\/div>\n\t\t\t\t<\/div>\n\t\t\t\t<div class=\"elementor-element elementor-element-3beb0b1 elementor-widget elementor-widget-text-editor\" data-id=\"3beb0b1\" data-element_type=\"widget\" data-e-type=\"widget\" data-widget_type=\"text-editor.default\">\n\t\t\t\t<div class=\"elementor-widget-container\">\n\t\t\t\t\t\t\t\t\t<p>Oszczercze publikacje, czy to w ksi\u0105\u017ckach, czy w artyku\u0142ach dziennikarskich, mog\u0105 wyrz\u0105dzi\u0107 powa\u017cne szkody osobom i organizacjom. W Kieran O ' Brien &amp; Associates Solicitors specjalizujemy si\u0119 w ochronie reputacji naszych klient\u00f3w przed fa\u0142szywymi i szkodliwymi roszczeniami w mediach drukowanych. Nasz zesp\u00f3\u0142 ds. znies\u0142awienia rozumie niuanse prawne zwi\u0105zane z znies\u0142awieniem i znies\u0142awieniem w bran\u017cy wydawniczej i dziennikarskiej.<\/p><p>Zapewniamy strategiczne doradztwo osobom fizycznym i firmom, kt\u00f3re sta\u0142y si\u0119 celem znies\u0142awiaj\u0105cych tre\u015bci, prowadz\u0105c je przez zawi\u0142o\u015bci prawa o znies\u0142awieniu i energicznie broni\u0105c ich praw. Niezale\u017cnie od tego, czy chodzi o fa\u0142szywe oskar\u017cenia w ksi\u0105\u017cce, czasopi\u015bmie, gazecie czy publikacji online, jeste\u015bmy tutaj, aby chroni\u0107 Twoj\u0105 reputacj\u0119 i dochodzi\u0107 sprawiedliwo\u015bci w Twoim imieniu. Je\u015bli pad\u0142e\u015b ofiar\u0105 znies\u0142awiaj\u0105cych publikacji, skontaktuj si\u0119 z nami ju\u017c dzi\u015b w celu konsultacji.<\/p><p>Pomo\u017cemy Ci chroni\u0107 Twoje dobre imi\u0119 i poci\u0105gniemy do odpowiedzialno\u015bci osoby odpowiedzialne za rozpowszechnianie szkodliwych nieprawdziwych informacji.<\/p>\t\t\t\t\t\t\t\t<\/div>\n\t\t\t\t<\/div>\n\t\t\t\t<\/div>\n\t\t<div class=\"elementor-element elementor-element-9660bc5 e-con-full e-flex e-con e-child\" data-id=\"9660bc5\" data-element_type=\"container\" data-e-type=\"container\">\n\t\t\t\t<div class=\"elementor-element elementor-element-25d6131 elementor-widget elementor-widget-image\" data-id=\"25d6131\" data-element_type=\"widget\" data-e-type=\"widget\" data-widget_type=\"image.default\">\n\t\t\t\t<div class=\"elementor-widget-container\">\n\t\t\t\t\t\t\t\t\t\t\t\t\t\t\t<img decoding=\"async\" width=\"600\" height=\"400\" src=\"https:\/\/kieranobriensolicitor.com\/wp-content\/uploads\/2024\/04\/defamation-publications.jpg\" class=\"attachment-full size-full wp-image-2754\" alt=\"\" srcset=\"https:\/\/kieranobriensolicitor.com\/wp-content\/uploads\/2024\/04\/defamation-publications.jpg 600w, https:\/\/kieranobriensolicitor.com\/wp-content\/uploads\/2024\/04\/defamation-publications-300x200.jpg 300w, https:\/\/kieranobriensolicitor.com\/wp-content\/uploads\/2024\/04\/defamation-publications-18x12.jpg 18w\" sizes=\"(max-width: 600px) 100vw, 600px\" \/>\t\t\t\t\t\t\t\t\t\t\t\t\t\t\t<\/div>\n\t\t\t\t<\/div>\n\t\t\t\t<\/div>\n\t\t\t\t<\/div>\n\t\t<div class=\"elementor-element elementor-element-967bf8c e-con-full e-flex e-con e-child\" data-id=\"967bf8c\" data-element_type=\"container\" data-e-type=\"container\">\n\t\t<div class=\"elementor-element elementor-element-dff5bc1 e-con-full e-flex e-con e-child\" data-id=\"dff5bc1\" data-element_type=\"container\" data-e-type=\"container\">\n\t\t\t\t<div class=\"elementor-element elementor-element-7edb006 elementor-widget elementor-widget-image\" data-id=\"7edb006\" data-element_type=\"widget\" data-e-type=\"widget\" data-widget_type=\"image.default\">\n\t\t\t\t<div class=\"elementor-widget-container\">\n\t\t\t\t\t\t\t\t\t\t\t\t\t\t\t<img loading=\"lazy\" decoding=\"async\" width=\"600\" height=\"400\" src=\"https:\/\/kieranobriensolicitor.com\/wp-content\/uploads\/2024\/04\/defamation-social-media-posts.jpg\" class=\"attachment-full size-full wp-image-2755\" alt=\"\" srcset=\"https:\/\/kieranobriensolicitor.com\/wp-content\/uploads\/2024\/04\/defamation-social-media-posts.jpg 600w, https:\/\/kieranobriensolicitor.com\/wp-content\/uploads\/2024\/04\/defamation-social-media-posts-300x200.jpg 300w, https:\/\/kieranobriensolicitor.com\/wp-content\/uploads\/2024\/04\/defamation-social-media-posts-18x12.jpg 18w\" sizes=\"(max-width: 600px) 100vw, 600px\" \/>\t\t\t\t\t\t\t\t\t\t\t\t\t\t\t<\/div>\n\t\t\t\t<\/div>\n\t\t\t\t<\/div>\n\t\t<div class=\"elementor-element elementor-element-180d597 e-con-full e-flex e-con e-child\" data-id=\"180d597\" data-element_type=\"container\" data-e-type=\"container\">\n\t\t\t\t<div class=\"elementor-element elementor-element-10d608e scroll-anchor elementor-widget elementor-widget-heading\" data-id=\"10d608e\" data-element_type=\"widget\" data-e-type=\"widget\" id=\"social-media-posts\" data-widget_type=\"heading.default\">\n\t\t\t\t<div class=\"elementor-widget-container\">\n\t\t\t\t\t<h3 class=\"elementor-heading-title elementor-size-default\">Wiadomo\u015bci Na Portalach Spo\u0142eczno\u015bciowych<\/h3>\t\t\t\t<\/div>\n\t\t\t\t<\/div>\n\t\t\t\t<div class=\"elementor-element elementor-element-0e5c7e0 elementor-widget elementor-widget-text-editor\" data-id=\"0e5c7e0\" data-element_type=\"widget\" data-e-type=\"widget\" data-widget_type=\"text-editor.default\">\n\t\t\t\t<div class=\"elementor-widget-container\">\n\t\t\t\t\t\t\t\t\t<p>Czy kto\u015b opublikowa\u0142 o Tobie post na Instagramie, Twitterze, TikToku lub innej platformie medi\u00f3w spo\u0142eczno\u015bciowych? Czy rozpowszechniali k\u0142amstwa lub fa\u0142szywie przedstawiali ci\u0119 \u015bwiatu? W dzisiejszej erze cyfrowej znies\u0142awiaj\u0105ce posty w mediach spo\u0142eczno\u015bciowych sta\u0142y si\u0119 wszechobecnym zagro\u017ceniem zar\u00f3wno dla os\u00f3b prywatnych, jak i firm. Rozumiemy powa\u017cny wp\u0142yw, jaki fa\u0142szywe i szkodliwe wypowiedzi na platformach medi\u00f3w spo\u0142eczno\u015bciowych mog\u0105 mie\u0107 na reputacj\u0119 i \u017ar\u00f3d\u0142a utrzymania naszych klient\u00f3w. Nasz zesp\u00f3\u0142 b\u0119dzie porusza\u0142 si\u0119 po z\u0142o\u017conym krajobrazie prawnym zwi\u0105zanym ze znies\u0142awieniem w Internecie.<\/p><p>Zapewniamy doradztwo strategiczne i agresywn\u0105 reprezentacj\u0119 osobom i firmom, kt\u00f3re sta\u0142y si\u0119 celem znies\u0142awiaj\u0105cych post\u00f3w w mediach spo\u0142eczno\u015bciowych, czy to na platformach takich jak Facebook, Twitter, Instagram czy innych. Od \u017c\u0105dania usuni\u0119cia znies\u0142awiaj\u0105cych tre\u015bci po dochodzenie odszkodowania i domaganie si\u0119 wycofania lub przeprosin, jeste\u015bmy zobowi\u0105zani do ochrony praw i reputacji naszych klient\u00f3w w sferze cyfrowej.<\/p><p>Posty i zarzuty w mediach spo\u0142eczno\u015bciowych mog\u0105 rozprzestrzenia\u0107 si\u0119 wyj\u0105tkowo szybko, wi\u0119c je\u015bli pad\u0142e\u015b ofiar\u0105 znies\u0142awiaj\u0105cych post\u00f3w w mediach spo\u0142eczno\u015bciowych, nie wahaj si\u0119 skontaktowa\u0107 z nami w celu konsultacji. Pozw\u00f3l nam pom\u00f3c Ci obroni\u0107 Twoj\u0105 reputacj\u0119 w Internecie i poci\u0105gn\u0105\u0107 do odpowiedzialno\u015bci osoby odpowiedzialne za rozpowszechnianie szkodliwych k\u0142amstw.<\/p>\t\t\t\t\t\t\t\t<\/div>\n\t\t\t\t<\/div>\n\t\t\t\t<\/div>\n\t\t\t\t<\/div>\n\t\t<div class=\"elementor-element elementor-element-97bc458 e-con-full e-flex e-con e-child\" data-id=\"97bc458\" data-element_type=\"container\" data-e-type=\"container\">\n\t\t<div class=\"elementor-element elementor-element-63041ab e-con-full e-flex e-con e-child\" data-id=\"63041ab\" data-element_type=\"container\" data-e-type=\"container\">\n\t\t\t\t<div class=\"elementor-element elementor-element-5ccfc55 scroll-anchor elementor-widget elementor-widget-heading\" data-id=\"5ccfc55\" data-element_type=\"widget\" data-e-type=\"widget\" id=\"newspapers\" data-widget_type=\"heading.default\">\n\t\t\t\t<div class=\"elementor-widget-container\">\n\t\t\t\t\t<h3 class=\"elementor-heading-title elementor-size-default\">Gazety<\/h3>\t\t\t\t<\/div>\n\t\t\t\t<\/div>\n\t\t\t\t<div class=\"elementor-element elementor-element-61c9e6b elementor-widget elementor-widget-text-editor\" data-id=\"61c9e6b\" data-element_type=\"widget\" data-e-type=\"widget\" data-widget_type=\"text-editor.default\">\n\t\t\t\t<div class=\"elementor-widget-container\">\n\t\t\t\t\t\t\t\t\t<p>Znies\u0142awiaj\u0105ce artyku\u0142y prasowe mog\u0105 wyrz\u0105dzi\u0107 trwa\u0142e szkody, poddaj\u0105c w w\u0105tpliwo\u015b\u0107 i plami\u0105c reputacj\u0119. W kancelarii Kieran O'Brien &amp; Associates rozumiemy g\u0142\u0119boki wp\u0142yw fa\u0142szywych i szkodliwych stwierdze\u0144 publikowanych w mediach drukowanych.<\/p><p>Nasz zesp\u00f3\u0142 prawnik\u00f3w specjalizuj\u0105cych si\u0119 w sprawach o znies\u0142awienie specjalizuje si\u0119 w ochronie dobrego imienia naszych klient\u00f3w przed szkodliwymi skutkami tre\u015bci znies\u0142awiaj\u0105cych. Dzi\u0119ki g\u0142\u0119bokiemu zrozumieniu prawa o znies\u0142awieniu i zaanga\u017cowaniu w ochron\u0119 praw naszych klient\u00f3w, zapewniamy spersonalizowane porady i wytrwa\u0142e rzecznictwo osobom fizycznym i firmom, kt\u00f3re borykaj\u0105 si\u0119 ze znies\u0142awiaj\u0105cymi artyku\u0142ami prasowymi.<\/p><p>Od \u017c\u0105dania odwo\u0142ania i przeprosin po podj\u0119cie krok\u00f3w prawnych i dochodzenie odszkodowa\u0144, jeste\u015bmy oddani d\u0105\u017ceniu do sprawiedliwo\u015bci dla tych, kt\u00f3rzy zostali skrzywdzeni przez fa\u0142szywe doniesienia. Je\u015bli by\u0142e\u015b przedmiotem znies\u0142awiaj\u0105cych artyku\u0142\u00f3w prasowych, nie wahaj si\u0119 skontaktowa\u0107 z nami w celu konsultacji. Pozw\u00f3l nam pom\u00f3c Ci obroni\u0107 Twoj\u0105 reputacj\u0119 i przywr\u00f3ci\u0107 uczciwo\u015b\u0107 w oczach opinii publicznej.<\/p>\t\t\t\t\t\t\t\t<\/div>\n\t\t\t\t<\/div>\n\t\t\t\t<\/div>\n\t\t<div class=\"elementor-element elementor-element-5c851ac e-con-full e-flex e-con e-child\" data-id=\"5c851ac\" data-element_type=\"container\" data-e-type=\"container\">\n\t\t\t\t<div class=\"elementor-element elementor-element-b42b331 elementor-widget elementor-widget-image\" data-id=\"b42b331\" data-element_type=\"widget\" data-e-type=\"widget\" data-widget_type=\"image.default\">\n\t\t\t\t<div class=\"elementor-widget-container\">\n\t\t\t\t\t\t\t\t\t\t\t\t\t\t\t<img loading=\"lazy\" decoding=\"async\" width=\"600\" height=\"400\" src=\"https:\/\/kieranobriensolicitor.com\/wp-content\/uploads\/2024\/04\/defamation-newspapers.jpg\" class=\"attachment-full size-full wp-image-2756\" alt=\"\" srcset=\"https:\/\/kieranobriensolicitor.com\/wp-content\/uploads\/2024\/04\/defamation-newspapers.jpg 600w, https:\/\/kieranobriensolicitor.com\/wp-content\/uploads\/2024\/04\/defamation-newspapers-300x200.jpg 300w, https:\/\/kieranobriensolicitor.com\/wp-content\/uploads\/2024\/04\/defamation-newspapers-18x12.jpg 18w\" sizes=\"(max-width: 600px) 100vw, 600px\" \/>\t\t\t\t\t\t\t\t\t\t\t\t\t\t\t<\/div>\n\t\t\t\t<\/div>\n\t\t\t\t<\/div>\n\t\t\t\t<\/div>\n\t\t\t\t<\/div>","protected":false},"excerpt":{"rendered":"<p>Defamation Defamation is a statement or publication that in some way communicates a slanderous message, or some other form of communication, that in the minds of the general public would damage your reputation.\u00a0Defamation can take the form of oral speech, a social media post, a newspaper article or any other mode that communicates to a [&hellip;]<\/p>\n","protected":false},"author":1,"featured_media":0,"parent":1336,"menu_order":0,"comment_status":"closed","ping_status":"closed","template":"","meta":{"site-sidebar-layout":"no-sidebar","site-content-layout":"default","ast-site-content-layout":"default","site-content-style":"default","site-sidebar-style":"default","ast-global-header-display":"","ast-banner-title-visibility":"","ast-main-header-display":"","ast-hfb-above-header-display":"","ast-hfb-below-header-display":"","ast-hfb-mobile-header-display":"","site-post-title":"disabled","ast-breadcrumbs-content":"","ast-featured-img":"disabled","footer-sml-layout":"","ast-disable-related-posts":"","theme-transparent-header-meta":"default","adv-header-id-meta":"","stick-header-meta":"default","header-above-stick-meta":"","header-main-stick-meta":"","header-below-stick-meta":"","astra-migrate-meta-layouts":"default","ast-page-background-enabled":"default","ast-page-background-meta":{"desktop":{"background-color":"","background-image":"","background-repeat":"repeat","background-position":"center center","background-size":"auto","background-attachment":"scroll","background-type":"","background-media":"","overlay-type":"","overlay-color":"","overlay-opacity":"","overlay-gradient":""},"tablet":{"background-color":"","background-image":"","background-repeat":"repeat","background-position":"center center","background-size":"auto","background-attachment":"scroll","background-type":"","background-media":"","overlay-type":"","overlay-color":"","overlay-opacity":"","overlay-gradient":""},"mobile":{"background-color":"","background-image":"","background-repeat":"repeat","background-position":"center center","background-size":"auto","background-attachment":"scroll","background-type":"","background-media":"","overlay-type":"","overlay-color":"","overlay-opacity":"","overlay-gradient":""}},"ast-content-background-meta":{"desktop":{"background-color":"var(--ast-global-color-5)","background-image":"","background-repeat":"repeat","background-position":"center center","background-size":"auto","background-attachment":"scroll","background-type":"","background-media":"","overlay-type":"","overlay-color":"","overlay-opacity":"","overlay-gradient":""},"tablet":{"background-color":"var(--ast-global-color-5)","background-image":"","background-repeat":"repeat","background-position":"center center","background-size":"auto","background-attachment":"scroll","background-type":"","background-media":"","overlay-type":"","overlay-color":"","overlay-opacity":"","overlay-gradient":""},"mobile":{"background-color":"var(--ast-global-color-5)","background-image":"","background-repeat":"repeat","background-position":"center center","background-size":"auto","background-attachment":"scroll","background-type":"","background-media":"","overlay-type":"","overlay-color":"","overlay-opacity":"","overlay-gradient":""}},"footnotes":""},"class_list":["post-2050","page","type-page","status-publish","hentry"],"_links":{"self":[{"href":"https:\/\/kieranobriensolicitor.com\/pl\/wp-json\/wp\/v2\/pages\/2050","targetHints":{"allow":["GET"]}}],"collection":[{"href":"https:\/\/kieranobriensolicitor.com\/pl\/wp-json\/wp\/v2\/pages"}],"about":[{"href":"https:\/\/kieranobriensolicitor.com\/pl\/wp-json\/wp\/v2\/types\/page"}],"author":[{"embeddable":true,"href":"https:\/\/kieranobriensolicitor.com\/pl\/wp-json\/wp\/v2\/users\/1"}],"replies":[{"embeddable":true,"href":"https:\/\/kieranobriensolicitor.com\/pl\/wp-json\/wp\/v2\/comments?post=2050"}],"version-history":[{"count":43,"href":"https:\/\/kieranobriensolicitor.com\/pl\/wp-json\/wp\/v2\/pages\/2050\/revisions"}],"predecessor-version":[{"id":2845,"href":"https:\/\/kieranobriensolicitor.com\/pl\/wp-json\/wp\/v2\/pages\/2050\/revisions\/2845"}],"up":[{"embeddable":true,"href":"https:\/\/kieranobriensolicitor.com\/pl\/wp-json\/wp\/v2\/pages\/1336"}],"wp:attachment":[{"href":"https:\/\/kieranobriensolicitor.com\/pl\/wp-json\/wp\/v2\/media?parent=2050"}],"curies":[{"name":"wp","href":"https:\/\/api.w.org\/{rel}","templated":true}]}}