{"id":2224,"date":"2023-12-21T10:56:09","date_gmt":"2023-12-21T10:56:09","guid":{"rendered":"https:\/\/ionicwp.com\/?page_id=2224"},"modified":"2024-04-11T15:07:45","modified_gmt":"2024-04-11T15:07:45","slug":"property-0","status":"publish","type":"page","link":"https:\/\/kieranobriensolicitor.com\/pl\/practice-areas\/property-0\/","title":{"rendered":"PROPERTY-0"},"content":{"rendered":"<div data-elementor-type=\"wp-page\" data-elementor-id=\"2224\" class=\"elementor elementor-2224\" data-elementor-post-type=\"page\">\n\t\t\t\t<div class=\"elementor-element elementor-element-f818ef9 e-flex e-con-boxed e-con e-parent\" data-id=\"f818ef9\" data-element_type=\"container\" data-e-type=\"container\">\n\t\t\t\t\t<div class=\"e-con-inner\">\n\t\t\t\t<div class=\"elementor-element elementor-element-874ab51 elementor-widget elementor-widget-text-editor\" data-id=\"874ab51\" data-element_type=\"widget\" data-e-type=\"widget\" data-widget_type=\"text-editor.default\">\n\t\t\t\t<div class=\"elementor-widget-container\">\n\t\t\t\t\t\t\t\t\t<p><style>\n.scroll-practice-areas{scroll-margin-top: 200px;}<br \/><\/style><\/p><h3 id=\"buying-selling\" class=\"scroll-practice-areas\">Kupno \/ Sprzeda\u017c<\/h3><p>Chcesz kupi\u0107 lub sprzeda\u0107 ziemie\/nieruchomo\u015b\u0107? Niezb\u0119dne jest skorzystanie z us\u0142ug prawnika w celu przeprowadzenia prawnych aspekt\u00f3w sprzeda\u017cy. Niezale\u017cnie od tego, czy chodzi o przegl\u0105d um\u00f3w przed ich podpisaniem, sporz\u0105dzenie niezb\u0119dnej dokumentacji prawnej i korespondencji potrzebnej do przeniesienia w\u0142asno\u015bci nieruchomo\u015bci \/ ziemi, Kieran O'Brien &amp; Associates Solicitors b\u0119dzie obecny na ka\u017cdym etapie transakcji, aby zapewni\u0107, \u017ce proces jest tak p\u0142ynny, jak to tylko mo\u017cliwe.<\/p><p>Kupno i sprzeda\u017c nieruchomo\u015bci jest cz\u0119sto kosztownym i ryzykownym przedsi\u0119wzi\u0119ciem. Pomoc wykwalifikowanego prawnika zapewni, \u017ce wszystkie potencjalne b\u0142\u0119dy i niedopatrzenia zostan\u0105 wyeliminowane, a wynikaj\u0105ca z nich transakcja zostanie przeprowadzona z jak najmniejszym stresem dla klienta.\u00a0<\/p><h3 id=\"part-transfer\" class=\"scroll-practice-areas\">Przekazanie<\/h3><p>Poruszanie si\u0119 po zawi\u0142o\u015bciach zwi\u0105zanych z przeniesieniem w\u0142asno\u015bci nieruchomo\u015bci wymaga skrupulatnej dba\u0142o\u015bci o szczeg\u00f3\u0142y i wszechstronnego zrozumienia ram prawnych. W Kieran O'Brien &amp; Associates Solicitors zapewniamy naszym klientom wskaz\u00f3wki i wsparcie w trakcie ca\u0142ego procesu. Niezale\u017cnie od tego, czy dzielisz nieruchomo\u015b\u0107, przenosisz udzia\u0142y w\u0142asno\u015bciowe, czy konsolidujesz dzia\u0142ki, nasz zesp\u00f3\u0142 jest zaanga\u017cowany w ochron\u0119 Twoich interes\u00f3w i zapewnienie zgodno\u015bci ze wszystkimi odpowiednimi przepisami.<\/p><p>\u015aci\u015ble wsp\u00f3\u0142pracujemy z ka\u017cdym klientem, aby oceni\u0107 jego unikalne cele i opracowa\u0107 dostosowane do nich strategie. Od przeprowadzenia dok\u0142adnej analizy due diligence po sporz\u0105dzenie skrupulatnej dokumentacji, nie pozostawiamy kamienia na kamieniu, aby zabezpieczy\u0107 integralno\u015b\u0107 przeniesienia w\u0142asno\u015bci nieruchomo\u015bci.<\/p><p>Nasze zobowi\u0105zanie do doskona\u0142o\u015bci wykracza poza zwyk\u0142\u0105 reprezentacj\u0119 prawn\u0105; staramy si\u0119 wspiera\u0107 trwa\u0142e relacje oparte na zaufaniu, przejrzysto\u015bci i poparciu dla wynik\u00f3w. Niezale\u017cnie od tego, czy jeste\u015b w\u0142a\u015bcicielem domu, deweloperem czy inwestorem, mo\u017cesz polega\u0107 na naszej firmie, kt\u00f3ra dostarcza spersonalizowane rozwi\u0105zania przekraczaj\u0105ce oczekiwania. Zaufaj nam, \u017ce z precyzj\u0105 i bieg\u0142o\u015bci\u0105 poruszamy si\u0119 po zawi\u0142o\u015bciach zwi\u0105zanych z cz\u0119\u015bciowym przeniesieniem w\u0142asno\u015bci gruntu, umo\u017cliwiaj\u0105c Ci osi\u0105gni\u0119cie cel\u00f3w zwi\u0105zanych z nieruchomo\u015bciami. Skontaktuj si\u0119 z nami ju\u017c dzi\u015b, aby um\u00f3wi\u0107 si\u0119 na konsultacj\u0119 i zrobi\u0107 pierwszy krok<\/p><h3 id=\"auctions\" class=\"scroll-practice-areas\">Aukcje<\/h3><p>Aukcje nieruchomo\u015bci oferuj\u0105 wyj\u0105tkow\u0105 mo\u017cliwo\u015b\u0107 nabywania aktyw\u00f3w nieruchomo\u015bciowych, stwarzaj\u0105c zar\u00f3wno mo\u017cliwo\u015bci, jak i wyzwania zar\u00f3wno dla kupuj\u0105cych, jak i sprzedaj\u0105cych. W Kieran O'Brien &amp; Associates rozumiemy zawi\u0142o\u015bci zwi\u0105zane z aukcjami nieruchomo\u015bci i zapewniamy kompleksowe doradztwo prawne, aby zapewni\u0107 p\u0142ynny proces transakcji. Maj\u0105c u boku cz\u0142onka naszego zespo\u0142u, mo\u017cesz porusza\u0107 si\u0119 po zawi\u0142o\u015bciach aukcji nieruchomo\u015bci z pewno\u015bci\u0105 i jasno\u015bci\u0105.<\/p><p>Nasza firma oferuje dostosowan\u0105 do potrzeb pomoc na ka\u017cdym etapie procesu aukcyjnego, od przygotowania przed aukcj\u0105 po dzia\u0142ania nast\u0119pcze po aukcji. Zaczynamy od przeprowadzenia dok\u0142adnego badania due diligence w celu oceny stanu prawnego i potencjalnego ryzyka zwi\u0105zanego z nieruchomo\u015bci\u0105 wystawion\u0105 na aukcj\u0119. Takie skrupulatne podej\u015bcie pozwala nam zidentyfikowa\u0107 wszelkie kwestie, kt\u00f3re mog\u0105 mie\u0107 wp\u0142yw na transakcj\u0119 i opracowa\u0107 skuteczne strategie proaktywnego ich rozwi\u0105zywania.<\/p><p>Podczas samej aukcji zapewniamy nieocenione wsparcie, reprezentuj\u0105c interesy klient\u00f3w i licytuj\u0105c w ich imieniu z precyzj\u0105 i dyskrecj\u0105.\u00a0<\/p><p>Po udanej aukcji prowadzimy klient\u00f3w przez zawi\u0142o\u015bci finalizacji transakcji, w tym negocjacje umowy, przeniesienie tytu\u0142u w\u0142asno\u015bci i procedury zamkni\u0119cia. Naszym celem jest usprawnienie procesu i zminimalizowanie mo\u017cliwo\u015bci wyst\u0105pienia spor\u00f3w lub komplikacji, co pozwala naszym klientom i\u015b\u0107 naprz\u00f3d z zaufaniem do ich inwestycji w nieruchomo\u015bci.<\/p><p>Niezale\u017cnie od tego, czy jeste\u015b do\u015bwiadczonym inwestorem, czy kupuj\u0105cym po raz pierwszy, jeste\u015bmy tutaj, aby zapewni\u0107 wskaz\u00f3wki prawne i wsparcie w ca\u0142ym procesie licytacji nieruchomo\u015bci. Skontaktuj si\u0119 z nami ju\u017c dzi\u015b, aby dowiedzie\u0107 si\u0119 wi\u0119cej o tym, jak mo\u017cemy pom\u00f3c Ci w osi\u0105gni\u0119ciu Twoich cel\u00f3w zwi\u0105zanych z nieruchomo\u015bciami.<\/p><h3 id=\"right-of-way-easements\" class=\"scroll-practice-areas\">Prawa Drogi\/S\u0142u\u017cebno\u015b\u0107<\/h3><p>S\u0142u\u017cebno\u015bci i prawa drogi s\u0105 podstawowymi elementami prawa w\u0142asno\u015bci, reguluj\u0105cymi prawa os\u00f3b fizycznych do korzystania lub dost\u0119pu do grunt\u00f3w b\u0119d\u0105cych w\u0142asno\u015bci\u0105 innych os\u00f3b. Jasne i kompleksowe zrozumienie tego obszaru zar\u00f3wno dla w\u0142a\u015bcicieli nieruchomo\u015bci, deweloper\u00f3w, jak i w\u0142a\u015bcicieli s\u0105siednich grunt\u00f3w ma kluczowe znaczenie. Nasza kancelaria zajmuje si\u0119 udzielaniem porad prawnych w zakresie s\u0142u\u017cebno\u015bci i prawa drogi, zapewniaj\u0105c naszym klientom dobre informacje i ochron\u0119 w transakcjach dotycz\u0105cych nieruchomo\u015bci.<\/p><p>S\u0142u\u017cebno\u015bci przyznaj\u0105 osobom lub podmiotom okre\u015blone prawa do cudzej nieruchomo\u015bci, takie jak prawo dost\u0119pu do s\u0105siedniej dzia\u0142ki lub prawo do korzystania z cz\u0119\u015bci gruntu w okre\u015blonym celu, takim jak media lub drena\u017c. Zrozumienie zakresu i konsekwencji s\u0142u\u017cebno\u015bci ma kluczowe znaczenie zar\u00f3wno dla w\u0142a\u015bcicieli nieruchomo\u015bci przyznaj\u0105cych s\u0142u\u017cebno\u015bci, jak i dla tych, kt\u00f3rych one dotycz\u0105.<\/p><p>Z drugiej strony, prawa drogi odnosz\u0105 si\u0119 do legalnych \u015bcie\u017cek lub korytarzy, kt\u00f3re umo\u017cliwiaj\u0105 osobom lub podmiotom przechodzenie przez lub w poprzek w\u0142asno\u015bci innej osoby. Niezale\u017cnie od tego, czy jest to chodnik dla pieszych, droga czy korytarz u\u017cyteczno\u015bci publicznej, prawa drogi odgrywaj\u0105 istotn\u0105 rol\u0119 w u\u0142atwianiu dost\u0119pu i \u0142\u0105czno\u015bci.\u00a0<\/p><p>W Kieran O'Brien &amp; Associates zapewniamy spersonalizowane rozwi\u0105zania prawne dostosowane do unikalnych potrzeb i cel\u00f3w ka\u017cdego klienta. Niezale\u017cnie od tego, czy chcesz ustanowi\u0107, zmodyfikowa\u0107 lub broni\u0107 s\u0142u\u017cebno\u015bci lub prawa drogi, nasza firma jest zobowi\u0105zana do zapewnienia Ci fachowych wskaz\u00f3wek i wsparcia niezb\u0119dnego do osi\u0105gni\u0119cia korzystnego wyniku. Skontaktuj si\u0119 z nami ju\u017c dzi\u015b, aby um\u00f3wi\u0107 si\u0119 na konsultacj\u0119 i dowiedzie\u0107 si\u0119 wi\u0119cej o tym, jak mo\u017cemy Ci pom\u00f3c w sprawach dotycz\u0105cych s\u0142u\u017cebno\u015bci i prawa drogi.<\/p>\t\t\t\t\t\t\t\t<\/div>\n\t\t\t\t<\/div>\n\t\t\t\t\t<\/div>\n\t\t\t\t<\/div>\n\t\t\t\t<\/div>","protected":false},"excerpt":{"rendered":"<p>Buying \/ Selling Looking to buy or sell Land\/Property? Enlisting the services of a Solicitor to carry out the legal aspects of the sale is essential. Whether it be reviewing Contracts before you sign, drafting the necessary Legal Documentation and correspondences that is needed in the transfer of the Property\/Land, Kieran O&#8217;Brien &amp; Associates Solicitors [&hellip;]<\/p>\n","protected":false},"author":1,"featured_media":0,"parent":1336,"menu_order":0,"comment_status":"closed","ping_status":"closed","template":"","meta":{"site-sidebar-layout":"no-sidebar","site-content-layout":"default","ast-site-content-layout":"default","site-content-style":"default","site-sidebar-style":"default","ast-global-header-display":"","ast-banner-title-visibility":"","ast-main-header-display":"","ast-hfb-above-header-display":"","ast-hfb-below-header-display":"","ast-hfb-mobile-header-display":"","site-post-title":"","ast-breadcrumbs-content":"","ast-featured-img":"disabled","footer-sml-layout":"","ast-disable-related-posts":"","theme-transparent-header-meta":"default","adv-header-id-meta":"","stick-header-meta":"default","header-above-stick-meta":"","header-main-stick-meta":"","header-below-stick-meta":"","astra-migrate-meta-layouts":"default","ast-page-background-enabled":"default","ast-page-background-meta":{"desktop":{"background-color":"","background-image":"","background-repeat":"repeat","background-position":"center center","background-size":"auto","background-attachment":"scroll","background-type":"","background-media":"","overlay-type":"","overlay-color":"","overlay-opacity":"","overlay-gradient":""},"tablet":{"background-color":"","background-image":"","background-repeat":"repeat","background-position":"center center","background-size":"auto","background-attachment":"scroll","background-type":"","background-media":"","overlay-type":"","overlay-color":"","overlay-opacity":"","overlay-gradient":""},"mobile":{"background-color":"","background-image":"","background-repeat":"repeat","background-position":"center center","background-size":"auto","background-attachment":"scroll","background-type":"","background-media":"","overlay-type":"","overlay-color":"","overlay-opacity":"","overlay-gradient":""}},"ast-content-background-meta":{"desktop":{"background-color":"var(--ast-global-color-5)","background-image":"","background-repeat":"repeat","background-position":"center center","background-size":"auto","background-attachment":"scroll","background-type":"","background-media":"","overlay-type":"","overlay-color":"","overlay-opacity":"","overlay-gradient":""},"tablet":{"background-color":"var(--ast-global-color-5)","background-image":"","background-repeat":"repeat","background-position":"center center","background-size":"auto","background-attachment":"scroll","background-type":"","background-media":"","overlay-type":"","overlay-color":"","overlay-opacity":"","overlay-gradient":""},"mobile":{"background-color":"var(--ast-global-color-5)","background-image":"","background-repeat":"repeat","background-position":"center center","background-size":"auto","background-attachment":"scroll","background-type":"","background-media":"","overlay-type":"","overlay-color":"","overlay-opacity":"","overlay-gradient":""}},"footnotes":""},"class_list":["post-2224","page","type-page","status-publish","hentry"],"_links":{"self":[{"href":"https:\/\/kieranobriensolicitor.com\/pl\/wp-json\/wp\/v2\/pages\/2224","targetHints":{"allow":["GET"]}}],"collection":[{"href":"https:\/\/kieranobriensolicitor.com\/pl\/wp-json\/wp\/v2\/pages"}],"about":[{"href":"https:\/\/kieranobriensolicitor.com\/pl\/wp-json\/wp\/v2\/types\/page"}],"author":[{"embeddable":true,"href":"https:\/\/kieranobriensolicitor.com\/pl\/wp-json\/wp\/v2\/users\/1"}],"replies":[{"embeddable":true,"href":"https:\/\/kieranobriensolicitor.com\/pl\/wp-json\/wp\/v2\/comments?post=2224"}],"version-history":[{"count":11,"href":"https:\/\/kieranobriensolicitor.com\/pl\/wp-json\/wp\/v2\/pages\/2224\/revisions"}],"predecessor-version":[{"id":2680,"href":"https:\/\/kieranobriensolicitor.com\/pl\/wp-json\/wp\/v2\/pages\/2224\/revisions\/2680"}],"up":[{"embeddable":true,"href":"https:\/\/kieranobriensolicitor.com\/pl\/wp-json\/wp\/v2\/pages\/1336"}],"wp:attachment":[{"href":"https:\/\/kieranobriensolicitor.com\/pl\/wp-json\/wp\/v2\/media?parent=2224"}],"curies":[{"name":"wp","href":"https:\/\/api.w.org\/{rel}","templated":true}]}}