{"id":2227,"date":"2023-12-21T10:59:10","date_gmt":"2023-12-21T10:59:10","guid":{"rendered":"https:\/\/ionicwp.com\/?page_id=2227"},"modified":"2024-04-11T15:32:38","modified_gmt":"2024-04-11T15:32:38","slug":"other-legal-services","status":"publish","type":"page","link":"https:\/\/kieranobriensolicitor.com\/pl\/practice-areas\/other-legal-services\/","title":{"rendered":"INNE US\u0141UGI PRAWNE"},"content":{"rendered":"<div data-elementor-type=\"wp-page\" data-elementor-id=\"2227\" class=\"elementor elementor-2227\" data-elementor-post-type=\"page\">\n\t\t\t\t<div class=\"elementor-element elementor-element-ab41b90 e-con-full e-flex e-con e-child\" data-id=\"ab41b90\" data-element_type=\"container\" data-e-type=\"container\">\n\t\t<div class=\"elementor-element elementor-element-d7b4c0d e-con-full e-flex e-con e-child\" data-id=\"d7b4c0d\" data-element_type=\"container\" data-e-type=\"container\">\n\t\t\t\t<div class=\"elementor-element elementor-element-b51d519 elementor-widget elementor-widget-heading\" data-id=\"b51d519\" data-element_type=\"widget\" data-e-type=\"widget\" data-widget_type=\"heading.default\">\n\t\t\t\t<div class=\"elementor-widget-container\">\n\t\t\t\t\t<h3 class=\"elementor-heading-title elementor-size-default\">GDPR \/ Ochrona danych<\/h3>\t\t\t\t<\/div>\n\t\t\t\t<\/div>\n\t\t\t\t<div class=\"elementor-element elementor-element-7fb85a3 elementor-widget elementor-widget-text-editor\" data-id=\"7fb85a3\" data-element_type=\"widget\" data-e-type=\"widget\" data-widget_type=\"text-editor.default\">\n\t\t\t\t<div class=\"elementor-widget-container\">\n\t\t\t\t\t\t\t\t\t<p>W Kieran O'Brien &amp; Associates mo\u017cemy poprowadzi\u0107 firmy przez zawi\u0142y krajobraz przepis\u00f3w dotycz\u0105cych ochrony danych i prywatno\u015bci, w tym og\u00f3lnego rozporz\u0105dzenia o ochronie danych (GDPR).\u00a0<\/p><p>GDPR, uchwalone przez Uni\u0119 Europejsk\u0105 w 2018 r., jest prze\u0142omowym aktem prawnym maj\u0105cym na celu ochron\u0119 danych osobowych obywateli UE. Nasz zesp\u00f3\u0142 jest dobrze zaznajomiony z zawi\u0142o\u015bciami GDPR i mo\u017ce zapewni\u0107 kompleksowe wsparcie w celu zapewnienia zgodno\u015bci firmy z jego wymogami.<\/p><p>\u00a0<\/p>\t\t\t\t\t\t\t\t<\/div>\n\t\t\t\t<\/div>\n\t\t\t\t<\/div>\n\t\t<div class=\"elementor-element elementor-element-8816708 e-con-full e-flex e-con e-child\" data-id=\"8816708\" data-element_type=\"container\" data-e-type=\"container\">\n\t\t\t\t<div class=\"elementor-element elementor-element-2550a9a elementor-widget elementor-widget-image\" data-id=\"2550a9a\" data-element_type=\"widget\" data-e-type=\"widget\" data-widget_type=\"image.default\">\n\t\t\t\t<div class=\"elementor-widget-container\">\n\t\t\t\t\t\t\t\t\t\t\t\t\t\t\t<img fetchpriority=\"high\" decoding=\"async\" width=\"600\" height=\"400\" src=\"https:\/\/kieranobriensolicitor.com\/wp-content\/uploads\/2024\/04\/gdpr-data-protection.jpg\" class=\"attachment-full size-full wp-image-2719\" alt=\"\" srcset=\"https:\/\/kieranobriensolicitor.com\/wp-content\/uploads\/2024\/04\/gdpr-data-protection.jpg 600w, https:\/\/kieranobriensolicitor.com\/wp-content\/uploads\/2024\/04\/gdpr-data-protection-300x200.jpg 300w, https:\/\/kieranobriensolicitor.com\/wp-content\/uploads\/2024\/04\/gdpr-data-protection-18x12.jpg 18w\" sizes=\"(max-width: 600px) 100vw, 600px\" \/>\t\t\t\t\t\t\t\t\t\t\t\t\t\t\t<\/div>\n\t\t\t\t<\/div>\n\t\t\t\t<\/div>\n\t\t\t\t<\/div>\n\t\t<div class=\"elementor-element elementor-element-c8c04cc e-flex e-con-boxed e-con e-parent\" data-id=\"c8c04cc\" data-element_type=\"container\" data-e-type=\"container\">\n\t\t\t\t\t<div class=\"e-con-inner\">\n\t\t\t\t<div class=\"elementor-element elementor-element-77c0a34 elementor-widget elementor-widget-text-editor\" data-id=\"77c0a34\" data-element_type=\"widget\" data-e-type=\"widget\" data-widget_type=\"text-editor.default\">\n\t\t\t\t<div class=\"elementor-widget-container\">\n\t\t\t\t\t\t\t\t\t<p>Nasza firma oferuje szereg us\u0142ug dostosowanych do potrzeb, aby pom\u00f3c organizacjom w osi\u0105gni\u0119ciu zgodno\u015bci z GDPR. Zapewniamy praktyczne rozwi\u0105zania spe\u0142niaj\u0105ce okre\u015blone potrzeby. Nasze us\u0142ugi mog\u0105 r\u00f3wnie\u017c obejmowa\u0107 szkolenie personelu w zakresie zasad ochrony danych, wytyczne dotycz\u0105ce procedur reagowania i powiadamiania o naruszeniach danych oraz reprezentacj\u0119 w kontaktach z organami ochrony danych.<\/p><p>Wsp\u00f3\u0142pracuj\u0105c z nami, mo\u017cesz mie\u0107 pewno\u015b\u0107, \u017ce Twoja organizacja jest w dobrych r\u0119kach. Nasz zesp\u00f3\u0142 jest zaanga\u017cowany w pomoc w poruszaniu si\u0119 po zawi\u0142o\u015bciach zgodno\u015bci z GDPR, minimalizowaniu ryzyka prawnego i demonstrowaniu niezachwianego zaanga\u017cowania w ochron\u0119 danych osobowych os\u00f3b fizycznych. Skontaktuj si\u0119 z nami ju\u017c dzi\u015b, aby dowiedzie\u0107 si\u0119 wi\u0119cej o tym, jak mo\u017cemy wesprze\u0107 Twoj\u0105 podr\u00f3\u017c w kierunku zgodno\u015bci z GDPR.<\/p>\t\t\t\t\t\t\t\t<\/div>\n\t\t\t\t<\/div>\n\t\t\t\t\t<\/div>\n\t\t\t\t<\/div>\n\t\t\t\t<\/div>","protected":false},"excerpt":{"rendered":"<p>GDPR \/ Data Protection At Kieran O&#8217;Brien &amp; Associates, we can guide a businesses through the intricate landscape of data protection and privacy laws, including the General Data Protection Regulation (GDPR).\u00a0 The GDPR, enacted by the European Union in 2018, is a landmark legislation designed to safeguard the personal data of EU citizens. Our team [&hellip;]<\/p>\n","protected":false},"author":1,"featured_media":0,"parent":1336,"menu_order":0,"comment_status":"closed","ping_status":"closed","template":"","meta":{"site-sidebar-layout":"no-sidebar","site-content-layout":"default","ast-site-content-layout":"default","site-content-style":"default","site-sidebar-style":"default","ast-global-header-display":"","ast-banner-title-visibility":"","ast-main-header-display":"","ast-hfb-above-header-display":"","ast-hfb-below-header-display":"","ast-hfb-mobile-header-display":"","site-post-title":"","ast-breadcrumbs-content":"","ast-featured-img":"disabled","footer-sml-layout":"","ast-disable-related-posts":"","theme-transparent-header-meta":"default","adv-header-id-meta":"","stick-header-meta":"default","header-above-stick-meta":"","header-main-stick-meta":"","header-below-stick-meta":"","astra-migrate-meta-layouts":"default","ast-page-background-enabled":"default","ast-page-background-meta":{"desktop":{"background-color":"","background-image":"","background-repeat":"repeat","background-position":"center center","background-size":"auto","background-attachment":"scroll","background-type":"","background-media":"","overlay-type":"","overlay-color":"","overlay-opacity":"","overlay-gradient":""},"tablet":{"background-color":"","background-image":"","background-repeat":"repeat","background-position":"center center","background-size":"auto","background-attachment":"scroll","background-type":"","background-media":"","overlay-type":"","overlay-color":"","overlay-opacity":"","overlay-gradient":""},"mobile":{"background-color":"","background-image":"","background-repeat":"repeat","background-position":"center center","background-size":"auto","background-attachment":"scroll","background-type":"","background-media":"","overlay-type":"","overlay-color":"","overlay-opacity":"","overlay-gradient":""}},"ast-content-background-meta":{"desktop":{"background-color":"var(--ast-global-color-5)","background-image":"","background-repeat":"repeat","background-position":"center center","background-size":"auto","background-attachment":"scroll","background-type":"","background-media":"","overlay-type":"","overlay-color":"","overlay-opacity":"","overlay-gradient":""},"tablet":{"background-color":"var(--ast-global-color-5)","background-image":"","background-repeat":"repeat","background-position":"center center","background-size":"auto","background-attachment":"scroll","background-type":"","background-media":"","overlay-type":"","overlay-color":"","overlay-opacity":"","overlay-gradient":""},"mobile":{"background-color":"var(--ast-global-color-5)","background-image":"","background-repeat":"repeat","background-position":"center center","background-size":"auto","background-attachment":"scroll","background-type":"","background-media":"","overlay-type":"","overlay-color":"","overlay-opacity":"","overlay-gradient":""}},"footnotes":""},"class_list":["post-2227","page","type-page","status-publish","hentry"],"_links":{"self":[{"href":"https:\/\/kieranobriensolicitor.com\/pl\/wp-json\/wp\/v2\/pages\/2227","targetHints":{"allow":["GET"]}}],"collection":[{"href":"https:\/\/kieranobriensolicitor.com\/pl\/wp-json\/wp\/v2\/pages"}],"about":[{"href":"https:\/\/kieranobriensolicitor.com\/pl\/wp-json\/wp\/v2\/types\/page"}],"author":[{"embeddable":true,"href":"https:\/\/kieranobriensolicitor.com\/pl\/wp-json\/wp\/v2\/users\/1"}],"replies":[{"embeddable":true,"href":"https:\/\/kieranobriensolicitor.com\/pl\/wp-json\/wp\/v2\/comments?post=2227"}],"version-history":[{"count":17,"href":"https:\/\/kieranobriensolicitor.com\/pl\/wp-json\/wp\/v2\/pages\/2227\/revisions"}],"predecessor-version":[{"id":2722,"href":"https:\/\/kieranobriensolicitor.com\/pl\/wp-json\/wp\/v2\/pages\/2227\/revisions\/2722"}],"up":[{"embeddable":true,"href":"https:\/\/kieranobriensolicitor.com\/pl\/wp-json\/wp\/v2\/pages\/1336"}],"wp:attachment":[{"href":"https:\/\/kieranobriensolicitor.com\/pl\/wp-json\/wp\/v2\/media?parent=2227"}],"curies":[{"name":"wp","href":"https:\/\/api.w.org\/{rel}","templated":true}]}}