{"id":2581,"date":"2024-04-10T16:27:55","date_gmt":"2024-04-10T16:27:55","guid":{"rendered":"https:\/\/ionicwp.com\/?page_id=2581"},"modified":"2024-04-25T13:46:58","modified_gmt":"2024-04-25T13:46:58","slug":"personal-injury","status":"publish","type":"page","link":"https:\/\/kieranobriensolicitor.com\/pl\/personal-injury\/","title":{"rendered":"KONTUZJE CIA\u0141A"},"content":{"rendered":"<div data-elementor-type=\"wp-page\" data-elementor-id=\"2581\" class=\"elementor elementor-2581\" data-elementor-post-type=\"page\">\n\t\t\t\t<div class=\"elementor-element elementor-element-a510731 e-con-full e-flex e-con e-child\" data-id=\"a510731\" data-element_type=\"container\" data-e-type=\"container\">\n\t\t<div class=\"elementor-element elementor-element-79fe28c e-con-full e-flex e-con e-child\" data-id=\"79fe28c\" data-element_type=\"container\" data-e-type=\"container\">\n\t\t\t\t<div class=\"elementor-element elementor-element-88fefea scroll-anchor elementor-widget elementor-widget-heading\" data-id=\"88fefea\" data-element_type=\"widget\" data-e-type=\"widget\" id=\"road-traffic-accidents\" data-widget_type=\"heading.default\">\n\t\t\t\t<div class=\"elementor-widget-container\">\n\t\t\t\t\t<h3 class=\"elementor-heading-title elementor-size-default\">Wypadki drogowe<\/h3>\t\t\t\t<\/div>\n\t\t\t\t<\/div>\n\t\t\t\t<div class=\"elementor-element elementor-element-5c457f5 elementor-widget elementor-widget-text-editor\" data-id=\"5c457f5\" data-element_type=\"widget\" data-e-type=\"widget\" data-widget_type=\"text-editor.default\">\n\t\t\t\t<div class=\"elementor-widget-container\">\n\t\t\t\t\t\t\t\t\t<p>Czy niedawno zosta\u0142e\u015b potr\u0105cony przez samoch\u00f3d lub jeste\u015b w jakikolwiek inny spos\u00f3b zaanga\u017cowany w wypadek samochodowy i zosta\u0142e\u015b ranny? W Kieran O ' Brien &amp; Associates Solicitors specjalizujemy si\u0119 w roszczeniu z tytu\u0142u Obra\u017ce\u0144 Cia\u0142a. Dzi\u0119ki dekadom do\u015bwiadczenia pomogli\u015bmy tysi\u0105com ludzi uzyska\u0107 odszkodowanie na kt\u00f3re zas\u0142uguj\u0105. Posiadamy sie\u0107 Medycznych Specjalist\u00f3w oraz In\u017cynier\u00f3w gotowych pom\u00f3c ci w realizacji twojego roszczenia.<\/p><p>Radzenie sobie z firmami ubezpieczeniowymi wymaga czasu i cierpliwo\u015bci, pozwalaj\u0105c prawnikowi zajmuj\u0105cemu si\u0119 szkodami osobowymi na zaj\u0119cie si\u0119 Twoim roszczeniem z tytu\u0142u uszkodzenia samochodu i obra\u017ce\u0144, zaoszcz\u0119dzisz znaczn\u0105 ilo\u015b\u0107 czasu i wysi\u0142ku. Wykorzystamy nasze do\u015bwiadczenie i wiedz\u0119, aby zapewni\u0107, \u017ce nie tylko Twoje roszczenie zostanie rozpatrzone w spos\u00f3b terminowy i skuteczny, ale \u017ce na koniec procesu otrzymasz najlepszy dost\u0119pny wynik, b\u0119d\u0105c w pe\u0142ni poinformowanym przez ca\u0142y czas.<\/p><p>Jeste\u015bmy ekspertami w tej dziedzinie, wi\u0119c skontaktuj si\u0119 z Kieran O'Brien &amp; Associates Solicitors ju\u017c dzi\u015b, je\u015bli zosta\u0142e\u015b ranny w wypadku drogowym. Zorganizujemy DARMOW\u0104 KONSULTACJE, oraz doradzimy Tobie czy sprawa jest zasadna. BEZP\u0141ATNA KONSULTACJAi powiem ci, czy masz do czynienia.<\/p>\t\t\t\t\t\t\t\t<\/div>\n\t\t\t\t<\/div>\n\t\t\t\t<\/div>\n\t\t<div class=\"elementor-element elementor-element-b13ef0c e-con-full e-flex e-con e-child\" data-id=\"b13ef0c\" data-element_type=\"container\" data-e-type=\"container\">\n\t\t\t\t<div class=\"elementor-element elementor-element-16072df elementor-widget elementor-widget-image\" data-id=\"16072df\" data-element_type=\"widget\" data-e-type=\"widget\" data-widget_type=\"image.default\">\n\t\t\t\t<div class=\"elementor-widget-container\">\n\t\t\t\t\t\t\t\t\t\t\t\t\t\t\t<img fetchpriority=\"high\" decoding=\"async\" width=\"600\" height=\"400\" src=\"https:\/\/kieranobriensolicitor.com\/wp-content\/uploads\/2024\/04\/personal-injury-template-truck-accident.jpeg\" class=\"attachment-full size-full wp-image-2604\" alt=\"\" srcset=\"https:\/\/kieranobriensolicitor.com\/wp-content\/uploads\/2024\/04\/personal-injury-template-truck-accident.jpeg 600w, https:\/\/kieranobriensolicitor.com\/wp-content\/uploads\/2024\/04\/personal-injury-template-truck-accident-300x200.jpeg 300w, https:\/\/kieranobriensolicitor.com\/wp-content\/uploads\/2024\/04\/personal-injury-template-truck-accident-18x12.jpeg 18w\" sizes=\"(max-width: 600px) 100vw, 600px\" \/>\t\t\t\t\t\t\t\t\t\t\t\t\t\t\t<\/div>\n\t\t\t\t<\/div>\n\t\t\t\t<\/div>\n\t\t\t\t<\/div>\n\t\t<div class=\"elementor-element elementor-element-e14ecd9 e-con-full e-flex e-con e-child\" data-id=\"e14ecd9\" data-element_type=\"container\" data-e-type=\"container\">\n\t\t<div class=\"elementor-element elementor-element-ee9bebb e-con-full e-flex e-con e-child\" data-id=\"ee9bebb\" data-element_type=\"container\" data-e-type=\"container\">\n\t\t\t\t<div class=\"elementor-element elementor-element-f6e735f elementor-widget elementor-widget-image\" data-id=\"f6e735f\" data-element_type=\"widget\" data-e-type=\"widget\" data-widget_type=\"image.default\">\n\t\t\t\t<div class=\"elementor-widget-container\">\n\t\t\t\t\t\t\t\t\t\t\t\t\t\t\t<img decoding=\"async\" width=\"600\" height=\"400\" src=\"https:\/\/kieranobriensolicitor.com\/wp-content\/uploads\/2024\/04\/personal-injury-injury-at-work-compensation.jpeg\" class=\"attachment-full size-full wp-image-2605\" alt=\"\" srcset=\"https:\/\/kieranobriensolicitor.com\/wp-content\/uploads\/2024\/04\/personal-injury-injury-at-work-compensation.jpeg 600w, https:\/\/kieranobriensolicitor.com\/wp-content\/uploads\/2024\/04\/personal-injury-injury-at-work-compensation-300x200.jpeg 300w, https:\/\/kieranobriensolicitor.com\/wp-content\/uploads\/2024\/04\/personal-injury-injury-at-work-compensation-18x12.jpeg 18w\" sizes=\"(max-width: 600px) 100vw, 600px\" \/>\t\t\t\t\t\t\t\t\t\t\t\t\t\t\t<\/div>\n\t\t\t\t<\/div>\n\t\t\t\t<\/div>\n\t\t<div class=\"elementor-element elementor-element-00142e3 e-con-full e-flex e-con e-child\" data-id=\"00142e3\" data-element_type=\"container\" data-e-type=\"container\">\n\t\t\t\t<div class=\"elementor-element elementor-element-1406a3c scroll-anchor elementor-widget elementor-widget-heading\" data-id=\"1406a3c\" data-element_type=\"widget\" data-e-type=\"widget\" id=\"injuries-at-work\" data-widget_type=\"heading.default\">\n\t\t\t\t<div class=\"elementor-widget-container\">\n\t\t\t\t\t<h3 class=\"elementor-heading-title elementor-size-default\">Injuries At Work<\/h3>\t\t\t\t<\/div>\n\t\t\t\t<\/div>\n\t\t\t\t<div class=\"elementor-element elementor-element-7d1352d elementor-widget elementor-widget-text-editor\" data-id=\"7d1352d\" data-element_type=\"widget\" data-e-type=\"widget\" data-widget_type=\"text-editor.default\">\n\t\t\t\t<div class=\"elementor-widget-container\">\n\t\t\t\t\t\t\t\t\t<p>Miejsce pracy jest jednym z najcz\u0119stszych miejsc, w kt\u00f3rych dochodzi do wypadk\u00f3w. Wed\u0142ug Urz\u0119du ds. Bezpiecze\u0144stwa i Higieny Pracy w 2022 r. zg\u0142oszono ponad 8 000 uraz\u00f3w bez skutku \u015bmiertelnego.<\/p><p>Je\u015bli dozna\u0142e\u015b urazu w pracy, rozumiesz fizyczne, emocjonalne i finansowe skutki, jakie mo\u017ce on wywo\u0142a\u0107. W Kieran O'Brien &amp; Associates Solicitors specjalizujemy si\u0119 w reprezentowaniu os\u00f3b, kt\u00f3re dozna\u0142y obra\u017ce\u0144 w pracy, zapewniaj\u0105c im odszkodowanie, na kt\u00f3re zas\u0142uguj\u0105.<\/p><p>Niezale\u017cnie od tego, czy zosta\u0142e\u015b ranny w wypadku w miejscu pracy, dozna\u0142e\u015b urazu zwi\u0105zanego z powtarzaj\u0105cym si\u0119 przeci\u0105\u017ceniem cia\u0142a, czy te\u017c masz do czynienia z zagro\u017ceniami zawodowymi, kt\u00f3re wp\u0142yn\u0119\u0142y na Twoje zdrowie, nasz do\u015bwiadczony zesp\u00f3\u0142 jest tutaj, aby broni\u0107 Twoich praw. Rozumiemy zawi\u0142o\u015bci przepis\u00f3w dotycz\u0105cych odszkodowa\u0144 pracowniczych i b\u0119dziemy niestrudzenie pracowa\u0107 nad procesem prawnym w Twoim imieniu. Dzi\u0119ki naszej wiedzy i zaanga\u017cowaniu mo\u017cesz skupi\u0107 si\u0119 na powrocie do zdrowia, podczas gdy my b\u0119dziemy d\u0105\u017cy\u0107 do uzyskania odszkodowania i sprawiedliwo\u015bci, na kt\u00f3re zas\u0142ugujesz. Skontaktuj si\u0119 z nami ju\u017c dzi\u015b, aby uzyska\u0107 poufn\u0105 konsultacj\u0119.<\/p>\t\t\t\t\t\t\t\t<\/div>\n\t\t\t\t<\/div>\n\t\t\t\t<\/div>\n\t\t\t\t<\/div>\n\t\t<div class=\"elementor-element elementor-element-9c347a1 e-con-full e-flex e-con e-child\" data-id=\"9c347a1\" data-element_type=\"container\" data-e-type=\"container\">\n\t\t<div class=\"elementor-element elementor-element-7260512 e-con-full e-flex e-con e-child\" data-id=\"7260512\" data-element_type=\"container\" data-e-type=\"container\">\n\t\t\t\t<div class=\"elementor-element elementor-element-10a7ebf scroll-anchor elementor-widget elementor-widget-heading\" data-id=\"10a7ebf\" data-element_type=\"widget\" data-e-type=\"widget\" id=\"slip-and-fall-type-injuries\" data-widget_type=\"heading.default\">\n\t\t\t\t<div class=\"elementor-widget-container\">\n\t\t\t\t\t<h3 class=\"elementor-heading-title elementor-size-default\">Odpowiedzialno\u015b\u0107 Spo\u0142eczna \/ Urazy Zwi\u0105zane Z Po\u015blizgiem i Upadkiem<\/h3>\t\t\t\t<\/div>\n\t\t\t\t<\/div>\n\t\t\t\t<div class=\"elementor-element elementor-element-7341222 elementor-widget elementor-widget-text-editor\" data-id=\"7341222\" data-element_type=\"widget\" data-e-type=\"widget\" data-widget_type=\"text-editor.default\">\n\t\t\t\t<div class=\"elementor-widget-container\">\n\t\t\t\t\t\t\t\t\t<p>Wypadki z po\u015blizgiem i upadkiem mog\u0105 zdarzy\u0107 si\u0119 wsz\u0119dzie, od oblodzonych chodnik\u00f3w do \u017ale obs\u0142ugiwanych obiekt\u00f3w i cz\u0119sto prowadz\u0105 do powa\u017cnych obra\u017ce\u0144 cia\u0142a, kt\u00f3re mog\u0105 zak\u0142\u00f3ci\u0107 twoje \u017cycie.<\/p><p>Zdajemy sobie spraw\u0119 z fizycznych, emocjonalnych i finansowych trudno\u015bci, kt\u00f3re mog\u0105 powsta\u0107 w wyniku po\u015blizgni\u0119cia si\u0119 i upadku. Nasz zesp\u00f3\u0142 wykwalifikowanych prawnik\u00f3w specjalizuje si\u0119 w reprezentowaniu os\u00f3b, kt\u00f3re dozna\u0142y obra\u017ce\u0144 w wyniku zaniedba\u0144 w\u0142a\u015bcicieli lub zarz\u0105dc\u00f3w nieruchomo\u015bci. Niezale\u017cnie od tego, czy po\u015blizgn\u0105\u0142e\u015b si\u0119 na mokrej pod\u0142odze, potkn\u0105\u0142e\u015b si\u0119 o zagro\u017cenie, czy upad\u0142e\u015b z powodu nieodpowiedniego o\u015bwietlenia, jeste\u015bmy tutaj, aby Ci pom\u00f3c.\u00a0<\/p><p>Rozumiemy zawi\u0142o\u015bci prawa odpowiedzialno\u015bci publicznej i lokalowej i b\u0119dziemy d\u0105\u017cy\u0107 do poci\u0105gni\u0119cia odpowiedzialnych stron do odpowiedzialno\u015bci za ich dzia\u0142ania lub, w wi\u0119kszo\u015bci przypadk\u00f3w, brak dzia\u0142ania. Pozw\u00f3l nam zaj\u0105\u0107 si\u0119 zawi\u0142o\u015bciami prawnymi, podczas gdy Ty skupisz si\u0119 na powrocie do zdrowia. Skontaktuj si\u0119 z nami ju\u017c dzi\u015b, aby uzyska\u0107 BEZP\u0141ATN\u0104 konsultacj\u0119 w celu om\u00f3wienia Twojej sprawy dotycz\u0105cej po\u015blizgni\u0119cia i upadku oraz dowiedz si\u0119, w jaki spos\u00f3b mo\u017cemy pom\u00f3c Ci uzyska\u0107 odszkodowanie i sprawiedliwo\u015b\u0107, na kt\u00f3re zas\u0142ugujesz.<\/p>\t\t\t\t\t\t\t\t<\/div>\n\t\t\t\t<\/div>\n\t\t\t\t<\/div>\n\t\t<div class=\"elementor-element elementor-element-449b0e4 e-con-full e-flex e-con e-child\" data-id=\"449b0e4\" data-element_type=\"container\" data-e-type=\"container\">\n\t\t\t\t<div class=\"elementor-element elementor-element-52edf5b elementor-widget elementor-widget-image\" data-id=\"52edf5b\" data-element_type=\"widget\" data-e-type=\"widget\" data-widget_type=\"image.default\">\n\t\t\t\t<div class=\"elementor-widget-container\">\n\t\t\t\t\t\t\t\t\t\t\t\t\t\t\t<img decoding=\"async\" width=\"600\" height=\"400\" src=\"https:\/\/kieranobriensolicitor.com\/wp-content\/uploads\/2024\/04\/personal-injury-slip-and-fall-injuries.jpeg\" class=\"attachment-full size-full wp-image-2606\" alt=\"\" srcset=\"https:\/\/kieranobriensolicitor.com\/wp-content\/uploads\/2024\/04\/personal-injury-slip-and-fall-injuries.jpeg 600w, https:\/\/kieranobriensolicitor.com\/wp-content\/uploads\/2024\/04\/personal-injury-slip-and-fall-injuries-300x200.jpeg 300w, https:\/\/kieranobriensolicitor.com\/wp-content\/uploads\/2024\/04\/personal-injury-slip-and-fall-injuries-18x12.jpeg 18w\" sizes=\"(max-width: 600px) 100vw, 600px\" \/>\t\t\t\t\t\t\t\t\t\t\t\t\t\t\t<\/div>\n\t\t\t\t<\/div>\n\t\t\t\t<\/div>\n\t\t\t\t<\/div>\n\t\t<div class=\"elementor-element elementor-element-c442295 e-con-full e-flex e-con e-child\" data-id=\"c442295\" data-element_type=\"container\" data-e-type=\"container\">\n\t\t<div class=\"elementor-element elementor-element-3b64310 e-con-full e-flex e-con e-child\" data-id=\"3b64310\" data-element_type=\"container\" data-e-type=\"container\">\n\t\t\t\t<div class=\"elementor-element elementor-element-153625d elementor-widget elementor-widget-image\" data-id=\"153625d\" data-element_type=\"widget\" data-e-type=\"widget\" data-widget_type=\"image.default\">\n\t\t\t\t<div class=\"elementor-widget-container\">\n\t\t\t\t\t\t\t\t\t\t\t\t\t\t\t<img loading=\"lazy\" decoding=\"async\" width=\"600\" height=\"400\" src=\"https:\/\/kieranobriensolicitor.com\/wp-content\/uploads\/2024\/04\/personal-injury-car-vehicle-property-damage.jpeg\" class=\"attachment-full size-full wp-image-2608\" alt=\"\" srcset=\"https:\/\/kieranobriensolicitor.com\/wp-content\/uploads\/2024\/04\/personal-injury-car-vehicle-property-damage.jpeg 600w, https:\/\/kieranobriensolicitor.com\/wp-content\/uploads\/2024\/04\/personal-injury-car-vehicle-property-damage-300x200.jpeg 300w, https:\/\/kieranobriensolicitor.com\/wp-content\/uploads\/2024\/04\/personal-injury-car-vehicle-property-damage-18x12.jpeg 18w\" sizes=\"(max-width: 600px) 100vw, 600px\" \/>\t\t\t\t\t\t\t\t\t\t\t\t\t\t\t<\/div>\n\t\t\t\t<\/div>\n\t\t\t\t<\/div>\n\t\t<div class=\"elementor-element elementor-element-c54f0a2 e-con-full e-flex e-con e-child\" data-id=\"c54f0a2\" data-element_type=\"container\" data-e-type=\"container\">\n\t\t\t\t<div class=\"elementor-element elementor-element-61bd5ce scroll-anchor elementor-widget elementor-widget-heading\" data-id=\"61bd5ce\" data-element_type=\"widget\" data-e-type=\"widget\" id=\"vehicle-and-property-damage\" data-widget_type=\"heading.default\">\n\t\t\t\t<div class=\"elementor-widget-container\">\n\t\t\t\t\t<h3 class=\"elementor-heading-title elementor-size-default\">Uszkodzenia Pojazdu\/Mienia\n<\/h3>\t\t\t\t<\/div>\n\t\t\t\t<\/div>\n\t\t\t\t<div class=\"elementor-element elementor-element-9e6d8e7 elementor-widget elementor-widget-text-editor\" data-id=\"9e6d8e7\" data-element_type=\"widget\" data-e-type=\"widget\" data-widget_type=\"text-editor.default\">\n\t\t\t\t<div class=\"elementor-widget-container\">\n\t\t\t\t\t\t\t\t\t<p>Gdy tw\u00f3j pojazd lub maj\u0105tek ulega uszkodzeniu z powodu zaniedbania lub niew\u0142a\u015bciwego post\u0119powania innych os\u00f3b mo\u017ce to spowodowa\u0107 frustracj\u0119 i stres.<\/p><p>W kancelarii Kieran O'Brien &amp; Associates Solicitors rozumiemy wyzwania, przed jakimi stoisz w zwi\u0105zku z roszczeniami ubezpieczeniowymi i dochodzeniem sprawiedliwego odszkodowania za poniesione straty. Nasz zesp\u00f3\u0142 do\u015bwiadczonych prawnik\u00f3w specjalizuje si\u0119 w reprezentowaniu klient\u00f3w w sprawach dotycz\u0105cych uszkodze\u0144 pojazd\u00f3w i mienia. Niezale\u017cnie od tego, czy Tw\u00f3j samoch\u00f3d zosta\u0142 uszkodzony w kolizji, Tw\u00f3j dom ucierpia\u0142 w wyniku projektu budowlanego s\u0105siada, czy te\u017c Twoja w\u0142asno\u015b\u0107 osobista zosta\u0142a zniszczona w wyniku czyjego\u015b dzia\u0142ania, jeste\u015bmy tutaj, aby pom\u00f3c. B\u0119dziemy walczy\u0107 przy u\u017cyciu naszego wewn\u0119trznego zespo\u0142u prawnego, a tak\u017ce naszej rozbudowanej sieci mechanik\u00f3w i in\u017cynier\u00f3w, aby zapewni\u0107, \u017ce otrzymasz pe\u0142ne i sprawiedliwe odszkodowanie, na kt\u00f3re zas\u0142ugujesz za naprawy, wymiany i wszelkie powi\u0105zane wydatki.<\/p><p>Pozw\u00f3l nam broni\u0107 Twoich praw i zaj\u0105\u0107 si\u0119 zawi\u0142o\u015bciami prawnymi, podczas gdy Ty skupisz si\u0119 na dalszych dzia\u0142aniach. Prowadzenie negocjacji przez do\u015bwiadczonego prawnika cz\u0119sto skutkuje wy\u017csz\u0105 wyp\u0142at\u0105 odszkodowania. Skontaktuj si\u0119 z nami ju\u017c dzi\u015b, aby om\u00f3wi\u0107 swoj\u0105 spraw\u0119 i dowiedzie\u0107 si\u0119, w jaki spos\u00f3b mo\u017cemy pom\u00f3c Ci w dochodzeniu sprawiedliwo\u015bci i odszkodowania, na kt\u00f3re zas\u0142ugujesz.<\/p>\t\t\t\t\t\t\t\t<\/div>\n\t\t\t\t<\/div>\n\t\t\t\t<\/div>\n\t\t\t\t<\/div>\n\t\t\t\t<\/div>","protected":false},"excerpt":{"rendered":"<p>Road Traffic Accidents Have you recently been hit by a car, or otherwise involved in a car accident and suffered an injury? We at Kieran O\u2019Brien &amp; Associates Solicitors specialise in Personal Injury Claims. Over decades of experience, we have assisted thousands of people get the compensation they deserve. We have a network of Medical [&hellip;]<\/p>\n","protected":false},"author":1,"featured_media":0,"parent":0,"menu_order":0,"comment_status":"closed","ping_status":"closed","template":"","meta":{"site-sidebar-layout":"no-sidebar","site-content-layout":"plain-container","ast-site-content-layout":"default","site-content-style":"default","site-sidebar-style":"default","ast-global-header-display":"","ast-banner-title-visibility":"","ast-main-header-display":"","ast-hfb-above-header-display":"","ast-hfb-below-header-display":"","ast-hfb-mobile-header-display":"","site-post-title":"","ast-breadcrumbs-content":"","ast-featured-img":"disabled","footer-sml-layout":"","ast-disable-related-posts":"","theme-transparent-header-meta":"default","adv-header-id-meta":"","stick-header-meta":"default","header-above-stick-meta":"","header-main-stick-meta":"","header-below-stick-meta":"","astra-migrate-meta-layouts":"set","ast-page-background-enabled":"default","ast-page-background-meta":{"desktop":{"background-color":"","background-image":"","background-repeat":"repeat","background-position":"center center","background-size":"auto","background-attachment":"scroll","background-type":"","background-media":"","overlay-type":"","overlay-color":"","overlay-opacity":"","overlay-gradient":""},"tablet":{"background-color":"","background-image":"","background-repeat":"repeat","background-position":"center center","background-size":"auto","background-attachment":"scroll","background-type":"","background-media":"","overlay-type":"","overlay-color":"","overlay-opacity":"","overlay-gradient":""},"mobile":{"background-color":"","background-image":"","background-repeat":"repeat","background-position":"center center","background-size":"auto","background-attachment":"scroll","background-type":"","background-media":"","overlay-type":"","overlay-color":"","overlay-opacity":"","overlay-gradient":""}},"ast-content-background-meta":{"desktop":{"background-color":"var(--ast-global-color-5)","background-image":"","background-repeat":"repeat","background-position":"center center","background-size":"auto","background-attachment":"scroll","background-type":"","background-media":"","overlay-type":"","overlay-color":"","overlay-opacity":"","overlay-gradient":""},"tablet":{"background-color":"var(--ast-global-color-5)","background-image":"","background-repeat":"repeat","background-position":"center center","background-size":"auto","background-attachment":"scroll","background-type":"","background-media":"","overlay-type":"","overlay-color":"","overlay-opacity":"","overlay-gradient":""},"mobile":{"background-color":"var(--ast-global-color-5)","background-image":"","background-repeat":"repeat","background-position":"center center","background-size":"auto","background-attachment":"scroll","background-type":"","background-media":"","overlay-type":"","overlay-color":"","overlay-opacity":"","overlay-gradient":""}},"footnotes":""},"class_list":["post-2581","page","type-page","status-publish","hentry"],"_links":{"self":[{"href":"https:\/\/kieranobriensolicitor.com\/pl\/wp-json\/wp\/v2\/pages\/2581","targetHints":{"allow":["GET"]}}],"collection":[{"href":"https:\/\/kieranobriensolicitor.com\/pl\/wp-json\/wp\/v2\/pages"}],"about":[{"href":"https:\/\/kieranobriensolicitor.com\/pl\/wp-json\/wp\/v2\/types\/page"}],"author":[{"embeddable":true,"href":"https:\/\/kieranobriensolicitor.com\/pl\/wp-json\/wp\/v2\/users\/1"}],"replies":[{"embeddable":true,"href":"https:\/\/kieranobriensolicitor.com\/pl\/wp-json\/wp\/v2\/comments?post=2581"}],"version-history":[{"count":71,"href":"https:\/\/kieranobriensolicitor.com\/pl\/wp-json\/wp\/v2\/pages\/2581\/revisions"}],"predecessor-version":[{"id":2921,"href":"https:\/\/kieranobriensolicitor.com\/pl\/wp-json\/wp\/v2\/pages\/2581\/revisions\/2921"}],"wp:attachment":[{"href":"https:\/\/kieranobriensolicitor.com\/pl\/wp-json\/wp\/v2\/media?parent=2581"}],"curies":[{"name":"wp","href":"https:\/\/api.w.org\/{rel}","templated":true}]}}