{"id":2617,"date":"2024-04-11T12:18:37","date_gmt":"2024-04-11T12:18:37","guid":{"rendered":"https:\/\/ionicwp.com\/?page_id=2617"},"modified":"2024-04-12T13:49:00","modified_gmt":"2024-04-12T13:49:00","slug":"medical-negligence","status":"publish","type":"page","link":"https:\/\/kieranobriensolicitor.com\/pl\/practice-areas\/medical-negligence\/","title":{"rendered":"ZANIEDBANIA MEDYCZNE"},"content":{"rendered":"<div data-elementor-type=\"wp-page\" data-elementor-id=\"2617\" class=\"elementor elementor-2617\" data-elementor-post-type=\"page\">\n\t\t\t\t<div class=\"elementor-element elementor-element-8a98bfe e-con-full e-flex e-con e-child\" data-id=\"8a98bfe\" data-element_type=\"container\" data-e-type=\"container\">\n\t\t<div class=\"elementor-element elementor-element-99c5709 e-con-full e-flex e-con e-child\" data-id=\"99c5709\" data-element_type=\"container\" data-e-type=\"container\">\n\t\t\t\t<div class=\"elementor-element elementor-element-bc49e15 scroll-anchor elementor-widget elementor-widget-heading\" data-id=\"bc49e15\" data-element_type=\"widget\" data-e-type=\"widget\" id=\"surgery-complications\" data-widget_type=\"heading.default\">\n\t\t\t\t<div class=\"elementor-widget-container\">\n\t\t\t\t\t<h3 class=\"elementor-heading-title elementor-size-default\">Powik\u0142ania Chirurgiczne<\/h3>\t\t\t\t<\/div>\n\t\t\t\t<\/div>\n\t\t\t\t<div class=\"elementor-element elementor-element-b6c55b2 elementor-widget elementor-widget-text-editor\" data-id=\"b6c55b2\" data-element_type=\"widget\" data-e-type=\"widget\" data-widget_type=\"text-editor.default\">\n\t\t\t\t<div class=\"elementor-widget-container\">\n\t\t\t\t\t\t\t\t\t<p>Czy do\u015bwiadczy\u0142e\u015b powik\u0142ania po tym, \u017ce jak jeste\u015b w przeciwnym razie rozumieli, by\u0142oby zwyk\u0142ym zabiegiem? Je\u015bli uwa\u017casz, \u017ce ci\u0119 nie poinformowali o konsekwencjach przeprowadzone transakcje, mo\u017cesz mie\u0107 prawo do odszkodowania.<\/p><p>Chirurgiczne powik\u0142ania mog\u0105 prowadzi\u0107 do powa\u017cnych obra\u017ce\u0144 cia\u0142a i nieodwracalne skutki, zmieniaj\u0105cym \u017cycie. Porozmawiaj z naszym do\u015bwiadczonym zespo\u0142em dzi\u015b, a my b\u0119dziemy mogli powiedzie\u0107, czy to, z czym masz do czynienia, by\u0107 podstaw\u0105 do wniosku o b\u0142\u0105d w sztuce lekarskiej.<\/p>\t\t\t\t\t\t\t\t<\/div>\n\t\t\t\t<\/div>\n\t\t\t\t<\/div>\n\t\t<div class=\"elementor-element elementor-element-8dc92f0 e-con-full e-flex e-con e-child\" data-id=\"8dc92f0\" data-element_type=\"container\" data-e-type=\"container\">\n\t\t\t\t<div class=\"elementor-element elementor-element-ade1a72 elementor-widget elementor-widget-image\" data-id=\"ade1a72\" data-element_type=\"widget\" data-e-type=\"widget\" data-widget_type=\"image.default\">\n\t\t\t\t<div class=\"elementor-widget-container\">\n\t\t\t\t\t\t\t\t\t\t\t\t\t\t\t<img fetchpriority=\"high\" decoding=\"async\" width=\"600\" height=\"400\" src=\"https:\/\/kieranobriensolicitor.com\/wp-content\/uploads\/2024\/04\/medical-negligence-surgery-complications.jpeg\" class=\"attachment-full size-full wp-image-2625\" alt=\"\" srcset=\"https:\/\/kieranobriensolicitor.com\/wp-content\/uploads\/2024\/04\/medical-negligence-surgery-complications.jpeg 600w, https:\/\/kieranobriensolicitor.com\/wp-content\/uploads\/2024\/04\/medical-negligence-surgery-complications-300x200.jpeg 300w, https:\/\/kieranobriensolicitor.com\/wp-content\/uploads\/2024\/04\/medical-negligence-surgery-complications-18x12.jpeg 18w\" sizes=\"(max-width: 600px) 100vw, 600px\" \/>\t\t\t\t\t\t\t\t\t\t\t\t\t\t\t<\/div>\n\t\t\t\t<\/div>\n\t\t\t\t<\/div>\n\t\t\t\t<\/div>\n\t\t<div class=\"elementor-element elementor-element-1502286 e-con-full e-flex e-con e-child\" data-id=\"1502286\" data-element_type=\"container\" data-e-type=\"container\">\n\t\t<div class=\"elementor-element elementor-element-a361a07 e-con-full e-flex e-con e-child\" data-id=\"a361a07\" data-element_type=\"container\" data-e-type=\"container\">\n\t\t\t\t<div class=\"elementor-element elementor-element-30b7fd0 elementor-widget elementor-widget-image\" data-id=\"30b7fd0\" data-element_type=\"widget\" data-e-type=\"widget\" data-widget_type=\"image.default\">\n\t\t\t\t<div class=\"elementor-widget-container\">\n\t\t\t\t\t\t\t\t\t\t\t\t\t\t\t<img decoding=\"async\" width=\"600\" height=\"400\" src=\"https:\/\/kieranobriensolicitor.com\/wp-content\/uploads\/2024\/04\/medical-negligence-misdiagnoses.jpeg\" class=\"attachment-full size-full wp-image-2626\" alt=\"\" srcset=\"https:\/\/kieranobriensolicitor.com\/wp-content\/uploads\/2024\/04\/medical-negligence-misdiagnoses.jpeg 600w, https:\/\/kieranobriensolicitor.com\/wp-content\/uploads\/2024\/04\/medical-negligence-misdiagnoses-300x200.jpeg 300w, https:\/\/kieranobriensolicitor.com\/wp-content\/uploads\/2024\/04\/medical-negligence-misdiagnoses-18x12.jpeg 18w\" sizes=\"(max-width: 600px) 100vw, 600px\" \/>\t\t\t\t\t\t\t\t\t\t\t\t\t\t\t<\/div>\n\t\t\t\t<\/div>\n\t\t\t\t<\/div>\n\t\t<div class=\"elementor-element elementor-element-2179536 e-con-full e-flex e-con e-child\" data-id=\"2179536\" data-element_type=\"container\" data-e-type=\"container\">\n\t\t\t\t<div class=\"elementor-element elementor-element-60a804e scroll-anchor elementor-widget elementor-widget-heading\" data-id=\"60a804e\" data-element_type=\"widget\" data-e-type=\"widget\" id=\"misdiagnoses\" data-widget_type=\"heading.default\">\n\t\t\t\t<div class=\"elementor-widget-container\">\n\t\t\t\t\t<h3 class=\"elementor-heading-title elementor-size-default\">B\u0142\u0119dna Diagnoza<\/h3>\t\t\t\t<\/div>\n\t\t\t\t<\/div>\n\t\t\t\t<div class=\"elementor-element elementor-element-99d34fb elementor-widget elementor-widget-text-editor\" data-id=\"99d34fb\" data-element_type=\"widget\" data-e-type=\"widget\" data-widget_type=\"text-editor.default\">\n\t\t\t\t<div class=\"elementor-widget-container\">\n\t\t\t\t\t\t\t\t\t<p>Je\u015bli zosta\u0142e\u015b poinformowany przez specjalist\u0119 medycznego, \u017ce cierpisz na okre\u015blon\u0105 chorob\u0119 lub schorzenie i podj\u0105\u0142e\u015b kroki w celu zwalczenia tej choroby ze szkod\u0105 dla siebie lub w rezultacie przegapi\u0142e\u015b dok\u0142adn\u0105 diagnoz\u0119, skontaktuj si\u0119 z Kieran O'Brien &amp; Associates Solicitors. B\u0142\u0119dna diagnoza mo\u017ce r\u00f3wnie\u017c skutkowa\u0107 szkodami emocjonalnymi i psychologicznymi. Je\u015bli b\u0142\u0119dna diagnoza spowodowa\u0142a rozw\u00f3j lub nasilenie l\u0119ku lub depresji, mo\u017cemy pom\u00f3c.<\/p><p>Nasza firma dysponuje sieci\u0105 wyspecjalizowanych konsultant\u00f3w i specjalist\u00f3w ds. zdrowia psychicznego, kt\u00f3rzy mog\u0105 pom\u00f3c w powrocie do zdrowia i dostarczy\u0107 nam informacji na poparcie roszczenia.<\/p>\t\t\t\t\t\t\t\t<\/div>\n\t\t\t\t<\/div>\n\t\t\t\t<\/div>\n\t\t\t\t<\/div>\n\t\t<div class=\"elementor-element elementor-element-f333356 e-con-full e-flex e-con e-child\" data-id=\"f333356\" data-element_type=\"container\" data-e-type=\"container\">\n\t\t<div class=\"elementor-element elementor-element-f88e41c e-con-full e-flex e-con e-child\" data-id=\"f88e41c\" data-element_type=\"container\" data-e-type=\"container\">\n\t\t\t\t<div class=\"elementor-element elementor-element-0db1420 scroll-anchor elementor-widget elementor-widget-heading\" data-id=\"0db1420\" data-element_type=\"widget\" data-e-type=\"widget\" id=\"accident-and-emergency\" data-widget_type=\"heading.default\">\n\t\t\t\t<div class=\"elementor-widget-container\">\n\t\t\t\t\t<h3 class=\"elementor-heading-title elementor-size-default\">Nag\u0142e Wypadki\n<\/h3>\t\t\t\t<\/div>\n\t\t\t\t<\/div>\n\t\t\t\t<div class=\"elementor-element elementor-element-7dbca11 elementor-widget elementor-widget-text-editor\" data-id=\"7dbca11\" data-element_type=\"widget\" data-e-type=\"widget\" data-widget_type=\"text-editor.default\">\n\t\t\t\t<div class=\"elementor-widget-container\">\n\t\t\t\t\t\t\t\t\t<p>Oddzia\u0142y ratunkowe s\u0105 notorycznie zat\u0142oczone i zaj\u0119te. W rezultacie nierzadko zdarza si\u0119, \u017ce lekarze i piel\u0119gniarki pope\u0142niaj\u0105 b\u0142\u0119dy w sytuacjach o wysokiej presji i stawce. Chocia\u017c w takich okoliczno\u015bciach pracownicy medyczni cz\u0119sto wykonuj\u0105 \u015bwietn\u0105 prac\u0119, w przypadku wyst\u0105pienia b\u0142\u0119d\u00f3w to pacjent musi ponie\u015b\u0107 ich konsekwencje.<\/p><p>Wsp\u00f3\u0142pracujemy z przedstawicielami zawod\u00f3w medycznych w ca\u0142ej Europie, aby zapewni\u0107 Ci najlepsz\u0105 mo\u017cliwo\u015b\u0107 uzyskania odszkodowania za obra\u017cenia odniesione w wyniku zaniedbania lub nadzoru lekarza.<\/p><p>Skontaktuj si\u0119 z Kieran O'Brien &amp; Associates Solicitors, a przeprowadzimy Ci\u0119 przez ca\u0142y proces. Jeste\u015bmy dumni z tego, \u017ce czynimy ten proces prostym dla naszych klient\u00f3w. Je\u015bli masz pytania, zadzwo\u0144 do naszego biura, a my wyja\u015bnimy Ci proces i upewnimy si\u0119, \u017ce rozumiesz, co dzieje si\u0119 w Twojej sprawie.<\/p>\t\t\t\t\t\t\t\t<\/div>\n\t\t\t\t<\/div>\n\t\t\t\t<\/div>\n\t\t<div class=\"elementor-element elementor-element-f3dd250 e-con-full e-flex e-con e-child\" data-id=\"f3dd250\" data-element_type=\"container\" data-e-type=\"container\">\n\t\t\t\t<div class=\"elementor-element elementor-element-232d075 elementor-widget elementor-widget-image\" data-id=\"232d075\" data-element_type=\"widget\" data-e-type=\"widget\" data-widget_type=\"image.default\">\n\t\t\t\t<div class=\"elementor-widget-container\">\n\t\t\t\t\t\t\t\t\t\t\t\t\t\t\t<img decoding=\"async\" width=\"600\" height=\"400\" src=\"https:\/\/kieranobriensolicitor.com\/wp-content\/uploads\/2024\/04\/medical-negligence-accident-emergency.jpeg\" class=\"attachment-full size-full wp-image-2627\" alt=\"\" srcset=\"https:\/\/kieranobriensolicitor.com\/wp-content\/uploads\/2024\/04\/medical-negligence-accident-emergency.jpeg 600w, https:\/\/kieranobriensolicitor.com\/wp-content\/uploads\/2024\/04\/medical-negligence-accident-emergency-300x200.jpeg 300w, https:\/\/kieranobriensolicitor.com\/wp-content\/uploads\/2024\/04\/medical-negligence-accident-emergency-18x12.jpeg 18w\" sizes=\"(max-width: 600px) 100vw, 600px\" \/>\t\t\t\t\t\t\t\t\t\t\t\t\t\t\t<\/div>\n\t\t\t\t<\/div>\n\t\t\t\t<\/div>\n\t\t\t\t<\/div>\n\t\t<div class=\"elementor-element elementor-element-76d14d5 e-con-full e-flex e-con e-child\" data-id=\"76d14d5\" data-element_type=\"container\" data-e-type=\"container\">\n\t\t<div class=\"elementor-element elementor-element-f1e64f3 e-con-full e-flex e-con e-child\" data-id=\"f1e64f3\" data-element_type=\"container\" data-e-type=\"container\">\n\t\t\t\t<div class=\"elementor-element elementor-element-5e8271b elementor-widget elementor-widget-image\" data-id=\"5e8271b\" data-element_type=\"widget\" data-e-type=\"widget\" data-widget_type=\"image.default\">\n\t\t\t\t<div class=\"elementor-widget-container\">\n\t\t\t\t\t\t\t\t\t\t\t\t\t\t\t<img loading=\"lazy\" decoding=\"async\" width=\"600\" height=\"400\" src=\"https:\/\/kieranobriensolicitor.com\/wp-content\/uploads\/2024\/04\/medical-negligence-pregnancy-mismanagement-birth-injuries.jpeg\" class=\"attachment-full size-full wp-image-2628\" alt=\"\" srcset=\"https:\/\/kieranobriensolicitor.com\/wp-content\/uploads\/2024\/04\/medical-negligence-pregnancy-mismanagement-birth-injuries.jpeg 600w, https:\/\/kieranobriensolicitor.com\/wp-content\/uploads\/2024\/04\/medical-negligence-pregnancy-mismanagement-birth-injuries-300x200.jpeg 300w, https:\/\/kieranobriensolicitor.com\/wp-content\/uploads\/2024\/04\/medical-negligence-pregnancy-mismanagement-birth-injuries-18x12.jpeg 18w\" sizes=\"(max-width: 600px) 100vw, 600px\" \/>\t\t\t\t\t\t\t\t\t\t\t\t\t\t\t<\/div>\n\t\t\t\t<\/div>\n\t\t\t\t<\/div>\n\t\t<div class=\"elementor-element elementor-element-0f30434 e-con-full e-flex e-con e-child\" data-id=\"0f30434\" data-element_type=\"container\" data-e-type=\"container\">\n\t\t\t\t<div class=\"elementor-element elementor-element-5ed1421 scroll-anchor elementor-widget elementor-widget-heading\" data-id=\"5ed1421\" data-element_type=\"widget\" data-e-type=\"widget\" id=\"pregnancy-mismanagement\" data-widget_type=\"heading.default\">\n\t\t\t\t<div class=\"elementor-widget-container\">\n\t\t\t\t\t<h3 class=\"elementor-heading-title elementor-size-default\">Nieprawid\u0142owe Prowadzenie Ci\u0105\u017cy\/Urazy Porodowe<\/h3>\t\t\t\t<\/div>\n\t\t\t\t<\/div>\n\t\t\t\t<div class=\"elementor-element elementor-element-ac58ddf elementor-widget elementor-widget-text-editor\" data-id=\"ac58ddf\" data-element_type=\"widget\" data-e-type=\"widget\" data-widget_type=\"text-editor.default\">\n\t\t\t\t<div class=\"elementor-widget-container\">\n\t\t\t\t\t\t\t\t\t<p>Por\u00f3d to jeden z najbardziej stresuj\u0105cych moment\u00f3w w \u017cyciu kobiety. Tak jest w przypadku, gdy wszystko idzie zgodnie z planem. Je\u015bli uwa\u017casz, \u017ce by\u0142e\u015b \u017ale traktowany w czasie ci\u0105\u017cy lub je\u015bli Twoje dziecko dozna\u0142o obra\u017ce\u0144 z r\u0105k niedba\u0142ego lekarza, mo\u017cesz mie\u0107 prawo do odszkodowania. Je\u015bli narodziny Twojego dziecka by\u0142y szczeg\u00f3lnie bolesne lub spowodowa\u0142y trwa\u0142e uszkodzenie, skontaktuj si\u0119 z nami ju\u017c dzi\u015b, uzyskamy Twoje dane i uzyskamy opini\u0119 od naszej sieci niezale\u017cnych Po\u0142o\u017cnik\u00f3w i ginekolog\u00f3w z Europy.<\/p><p>Rozumiemy, \u017ce ci\u0105\u017ca jest wra\u017cliwym czasem dla wszystkich zaanga\u017cowanych, a cierpienie z powodu urazu mo\u017ce znacznie zaostrzy\u0107 l\u0119k prenatalny i depresj\u0119 poporodow\u0105. Przyznanie si\u0119 do odpowiedzialno\u015bci mo\u017ce w tym zakresie przej\u015b\u0107 d\u0142ug\u0105 drog\u0119.\u00a0 Mo\u017cemy poprowadzi\u0107 Ci\u0119 przez ten proces, a b\u0119dziesz mie\u0107 kogo\u015b po swojej stronie, kt\u00f3ry pomo\u017ce ci uzyska\u0107 odszkodowanie i uznanie odpowiedzialno\u015bci, na kt\u00f3r\u0105 zas\u0142ugujesz.<\/p>\t\t\t\t\t\t\t\t<\/div>\n\t\t\t\t<\/div>\n\t\t\t\t<\/div>\n\t\t\t\t<\/div>\n\t\t<div class=\"elementor-element elementor-element-748432f e-con-full e-flex e-con e-child\" data-id=\"748432f\" data-element_type=\"container\" data-e-type=\"container\">\n\t\t<div class=\"elementor-element elementor-element-98894b1 e-con-full e-flex e-con e-child\" data-id=\"98894b1\" data-element_type=\"container\" data-e-type=\"container\">\n\t\t\t\t<div class=\"elementor-element elementor-element-32fccbb scroll-anchor elementor-widget elementor-widget-heading\" data-id=\"32fccbb\" data-element_type=\"widget\" data-e-type=\"widget\" id=\"cosmetic-surgery\" data-widget_type=\"heading.default\">\n\t\t\t\t<div class=\"elementor-widget-container\">\n\t\t\t\t\t<h3 class=\"elementor-heading-title elementor-size-default\">Operacje Kosmetyczne<\/h3>\t\t\t\t<\/div>\n\t\t\t\t<\/div>\n\t\t\t\t<div class=\"elementor-element elementor-element-934e3e7 elementor-widget elementor-widget-text-editor\" data-id=\"934e3e7\" data-element_type=\"widget\" data-e-type=\"widget\" data-widget_type=\"text-editor.default\">\n\t\t\t\t<div class=\"elementor-widget-container\">\n\t\t\t\t\t\t\t\t\t<p>Je\u015bli zosta\u0142e\u015b poddany nieudanej operacji kosmetycznej lub nie jeste\u015b zadowolony z wynik\u00f3w zabiegu, zadzwo\u0144 do nas. B\u0142\u0119dy w chirurgii kosmetycznej mog\u0105 pozostawi\u0107 blizny fizyczne i psychiczne na ca\u0142e \u017cycie, kt\u00f3re cz\u0119sto nie s\u0105 w pe\u0142ni mo\u017cliwe do naprawienia, a w przypadkach, w kt\u00f3rych s\u0105, b\u0119d\u0105 wi\u0105za\u0107 si\u0119 ze znacznymi kosztami.<\/p><p>Kieran O'Brien &amp; Associates Solicitors b\u0119dzie d\u0105\u017cy\u0107 do tego, aby Twoja godno\u015b\u0107 by\u0142a szanowana przez ca\u0142y czas, aby osoby, kt\u00f3re wyrz\u0105dzi\u0142y Ci krzywd\u0119, zosta\u0142y poci\u0105gni\u0119te do odpowiedzialno\u015bci i aby\u015b otrzyma\u0142 nale\u017cne Ci odszkodowanie w celu u\u0142atwienia korekty i pozostawienia za sob\u0105 tego, co cz\u0119sto jest traumatycznym do\u015bwiadczeniem.<\/p>\t\t\t\t\t\t\t\t<\/div>\n\t\t\t\t<\/div>\n\t\t\t\t<\/div>\n\t\t<div class=\"elementor-element elementor-element-54e7c1e e-con-full e-flex e-con e-child\" data-id=\"54e7c1e\" data-element_type=\"container\" data-e-type=\"container\">\n\t\t\t\t<div class=\"elementor-element elementor-element-4e0dbd1 elementor-widget elementor-widget-image\" data-id=\"4e0dbd1\" data-element_type=\"widget\" data-e-type=\"widget\" data-widget_type=\"image.default\">\n\t\t\t\t<div class=\"elementor-widget-container\">\n\t\t\t\t\t\t\t\t\t\t\t\t\t\t\t<img loading=\"lazy\" decoding=\"async\" width=\"600\" height=\"400\" src=\"https:\/\/kieranobriensolicitor.com\/wp-content\/uploads\/2024\/04\/medical-negligence-cosmetic-surgery.jpeg\" class=\"attachment-full size-full wp-image-2629\" alt=\"\" srcset=\"https:\/\/kieranobriensolicitor.com\/wp-content\/uploads\/2024\/04\/medical-negligence-cosmetic-surgery.jpeg 600w, https:\/\/kieranobriensolicitor.com\/wp-content\/uploads\/2024\/04\/medical-negligence-cosmetic-surgery-300x200.jpeg 300w, https:\/\/kieranobriensolicitor.com\/wp-content\/uploads\/2024\/04\/medical-negligence-cosmetic-surgery-18x12.jpeg 18w\" sizes=\"(max-width: 600px) 100vw, 600px\" \/>\t\t\t\t\t\t\t\t\t\t\t\t\t\t\t<\/div>\n\t\t\t\t<\/div>\n\t\t\t\t<\/div>\n\t\t\t\t<\/div>\n\t\t\t\t<\/div>","protected":false},"excerpt":{"rendered":"<p>Surgery Complications Have you experienced complications from what you otherwise understood would be a routine surgery? If you feel that you were not informed as to the ramifications of a surgery that has been performed on you, you may be entitled to compensation. Surgery complications can result in significant Personal Injury and permanent, life altering [&hellip;]<\/p>\n","protected":false},"author":1,"featured_media":0,"parent":1336,"menu_order":0,"comment_status":"closed","ping_status":"closed","template":"","meta":{"site-sidebar-layout":"no-sidebar","site-content-layout":"default","ast-site-content-layout":"default","site-content-style":"default","site-sidebar-style":"default","ast-global-header-display":"","ast-banner-title-visibility":"","ast-main-header-display":"","ast-hfb-above-header-display":"","ast-hfb-below-header-display":"","ast-hfb-mobile-header-display":"","site-post-title":"","ast-breadcrumbs-content":"","ast-featured-img":"disabled","footer-sml-layout":"","ast-disable-related-posts":"","theme-transparent-header-meta":"default","adv-header-id-meta":"","stick-header-meta":"default","header-above-stick-meta":"","header-main-stick-meta":"","header-below-stick-meta":"","astra-migrate-meta-layouts":"default","ast-page-background-enabled":"default","ast-page-background-meta":{"desktop":{"background-color":"","background-image":"","background-repeat":"repeat","background-position":"center center","background-size":"auto","background-attachment":"scroll","background-type":"","background-media":"","overlay-type":"","overlay-color":"","overlay-opacity":"","overlay-gradient":""},"tablet":{"background-color":"","background-image":"","background-repeat":"repeat","background-position":"center center","background-size":"auto","background-attachment":"scroll","background-type":"","background-media":"","overlay-type":"","overlay-color":"","overlay-opacity":"","overlay-gradient":""},"mobile":{"background-color":"","background-image":"","background-repeat":"repeat","background-position":"center center","background-size":"auto","background-attachment":"scroll","background-type":"","background-media":"","overlay-type":"","overlay-color":"","overlay-opacity":"","overlay-gradient":""}},"ast-content-background-meta":{"desktop":{"background-color":"var(--ast-global-color-5)","background-image":"","background-repeat":"repeat","background-position":"center center","background-size":"auto","background-attachment":"scroll","background-type":"","background-media":"","overlay-type":"","overlay-color":"","overlay-opacity":"","overlay-gradient":""},"tablet":{"background-color":"var(--ast-global-color-5)","background-image":"","background-repeat":"repeat","background-position":"center center","background-size":"auto","background-attachment":"scroll","background-type":"","background-media":"","overlay-type":"","overlay-color":"","overlay-opacity":"","overlay-gradient":""},"mobile":{"background-color":"var(--ast-global-color-5)","background-image":"","background-repeat":"repeat","background-position":"center center","background-size":"auto","background-attachment":"scroll","background-type":"","background-media":"","overlay-type":"","overlay-color":"","overlay-opacity":"","overlay-gradient":""}},"footnotes":""},"class_list":["post-2617","page","type-page","status-publish","hentry"],"_links":{"self":[{"href":"https:\/\/kieranobriensolicitor.com\/pl\/wp-json\/wp\/v2\/pages\/2617","targetHints":{"allow":["GET"]}}],"collection":[{"href":"https:\/\/kieranobriensolicitor.com\/pl\/wp-json\/wp\/v2\/pages"}],"about":[{"href":"https:\/\/kieranobriensolicitor.com\/pl\/wp-json\/wp\/v2\/types\/page"}],"author":[{"embeddable":true,"href":"https:\/\/kieranobriensolicitor.com\/pl\/wp-json\/wp\/v2\/users\/1"}],"replies":[{"embeddable":true,"href":"https:\/\/kieranobriensolicitor.com\/pl\/wp-json\/wp\/v2\/comments?post=2617"}],"version-history":[{"count":13,"href":"https:\/\/kieranobriensolicitor.com\/pl\/wp-json\/wp\/v2\/pages\/2617\/revisions"}],"predecessor-version":[{"id":2820,"href":"https:\/\/kieranobriensolicitor.com\/pl\/wp-json\/wp\/v2\/pages\/2617\/revisions\/2820"}],"up":[{"embeddable":true,"href":"https:\/\/kieranobriensolicitor.com\/pl\/wp-json\/wp\/v2\/pages\/1336"}],"wp:attachment":[{"href":"https:\/\/kieranobriensolicitor.com\/pl\/wp-json\/wp\/v2\/media?parent=2617"}],"curies":[{"name":"wp","href":"https:\/\/api.w.org\/{rel}","templated":true}]}}